{"id":38379,"date":"2026-03-11T15:26:27","date_gmt":"2026-03-11T15:26:27","guid":{"rendered":"https:\/\/quantfury.com\/?page_id=38379"},"modified":"2026-03-11T15:31:39","modified_gmt":"2026-03-11T15:31:39","slug":"negocie-com-cautela","status":"publish","type":"page","link":"https:\/\/quantfury.com\/portuge\/negocie-com-cautela\/","title":{"rendered":"Negocie com Cautela"},"content":{"rendered":"<section\n        class=\"s-intro  content-default   assets   right  \">\n            <div class=\"s-intro__picture\">\n                <img loading=\"lazy\" decoding=\"async\" class=\"s-intro__img right el-image\" src=\"https:\/\/quantfury.com\/wp-content\/uploads\/2025\/03\/i-Assets.svg\" alt=\"\"  width=\"350\" height=\"351\">\n        <\/div>\n            <div class=\"s-intro__container\">\n                    <h1 class=\"s-intro__title\">\n                Negocie com Cautela\n            <\/h1>\n        \n                    <div class=\"s-intro__description\">\n                Domine os principais estilos de negocia\u00e7\u00e3o assistindo a tr\u00eas curtas-metragens que ilustram padr\u00f5es comuns de tomada de decis\u00e3o em negocia\u00e7\u00f5es e investimentos.\n            <\/div>\n        \n        \n                        <div class=\"s-intro__divider el-divider el-divider--colorfully\">\n            <div class=\"diamond\"><\/div>\n            <div class=\"diamond\"><\/div>\n        <\/div>\n    <\/div>\n    <div class=\"el-lines\">\n        <div class=\"el-lines__line\"><\/div>\n        <div class=\"el-lines__line\"><\/div>\n        <div class=\"el-lines__line\"><\/div>\n        <div class=\"el-lines__line\"><\/div>\n        <div class=\"el-lines__line\"><\/div>\n    <\/div>\n<\/section>\n\n    <section class=\"s-regular-list \">\n                    <div class=\"s-regular  s-regular--reverse  s-regular--info-list  padding-top-lg padding-bottom-lg \" >\n                <div class=\"s-regular__container\">\n                    <div class=\"s-regular__content-box\">\n                        <div class=\"s-regular__content  lg-mr-104 \">\n                                                            <h2 class=\"s-regular__title el-title\">\n                                    <p>Comportamento de manada<\/p>\n\n                                <\/h2>\n                                                                                        <div class=\"s-regular__description\">\n                                    <p>Quando muitos participantes do mercado seguem a mesma tend\u00eancia, isso pode criar uma sensa\u00e7\u00e3o de seguran\u00e7a e urg\u00eancia. Isso pode incentivar a imita\u00e7\u00e3o em vez do julgamento independente.<\/p>\n\n                                <\/div>\n                            \n                                                    <\/div>\n                                                    <div class=\"s-regular__video-box\">\n                                <div class=\"s-regular__video\">\n                                    <iframe loading=\"lazy\" width=\"100%\" height=\"100%\"\n                                            src=\"https:\/\/www.youtube.com\/embed\/9217uj9dG1Q?si=cVn_VX9QOi57eJpL\" title=\"YouTube video player\"\n                                            frameborder=\"0\"\n                                            allow=\"accelerometer; autoplay; clipboard-write; encrypted-media; gyroscope; picture-in-picture;\"\n                                            referrerpolicy=\"strict-origin-when-cross-origin\" allowfullscreen><\/iframe>\n\n                                <\/div>\n                                <div style=\"margin-top: 6px\"><p style=\"text-align: center;\"><em><span style=\"font-weight: 400;\">&#8220;Sua Opini\u00e3o. Sua Decis\u00e3o.&#8221;<\/span><\/em><\/p>\n<\/div>\n                            <\/div>\n                                            <\/div>\n                    <div class=\"s-regular__divider el-divider \">\n                        <div class=\"diamond\"><\/div>\n                        <div class=\"diamond\"><\/div>\n                    <\/div>\n                <\/div>\n                <div class=\"el-lines\">\n                    <div class=\"el-lines__line\"><\/div>\n                    <div class=\"el-lines__line\"><\/div>\n                    <div class=\"el-lines__line\"><\/div>\n                    <div class=\"el-lines__line\"><\/div>\n                    <div class=\"el-lines__line\"><\/div>\n                <\/div>\n            <\/div>\n                    <div class=\"s-regular  s-regular--reverse  s-regular--info-list  padding-top-lg padding-bottom-lg \" >\n                <div class=\"s-regular__container\">\n                    <div class=\"s-regular__content-box\">\n                        <div class=\"s-regular__content  lg-mr-104 \">\n                                                            <h2 class=\"s-regular__title el-title\">\n                                    <p>S\u00edndrome de Hubris<\/p>\n\n                                <\/h2>\n                                                                                        <div class=\"s-regular__description\">\n                                    <p>Demonstra\u00e7\u00f5es de confian\u00e7a e sucesso por influenciadores do mercado podem fomentar uma ilus\u00e3o de certeza e controle. Isso pode reduzir a percep\u00e7\u00e3o de risco e incerteza.<\/p>\n\n                                <\/div>\n                            \n                                                    <\/div>\n                                                    <div class=\"s-regular__video-box\">\n                                <div class=\"s-regular__video\">\n                                    <iframe loading=\"lazy\" width=\"100%\" height=\"100%\"\n                                            src=\"https:\/\/www.youtube.com\/embed\/OouWC_SvOac?si=_qU8b17hIkcOrQez\" title=\"YouTube video player\"\n                                            frameborder=\"0\"\n                                            allow=\"accelerometer; autoplay; clipboard-write; encrypted-media; gyroscope; picture-in-picture;\"\n                                            referrerpolicy=\"strict-origin-when-cross-origin\" allowfullscreen><\/iframe>\n\n                                <\/div>\n                                <div style=\"margin-top: 6px\"><p style=\"text-align: center;\"><em><span style=\"font-weight: 400;\">&#8220;Sua Disciplina. Sua Decis\u00e3o.&#8221;<\/span><\/em><\/p>\n<\/div>\n                            <\/div>\n                                            <\/div>\n                    <div class=\"s-regular__divider el-divider el-divider--secondary\">\n                        <div class=\"diamond\"><\/div>\n                        <div class=\"diamond\"><\/div>\n                    <\/div>\n                <\/div>\n                <div class=\"el-lines\">\n                    <div class=\"el-lines__line\"><\/div>\n                    <div class=\"el-lines__line\"><\/div>\n                    <div class=\"el-lines__line\"><\/div>\n                    <div class=\"el-lines__line\"><\/div>\n                    <div class=\"el-lines__line\"><\/div>\n                <\/div>\n            <\/div>\n                    <div class=\"s-regular  s-regular--reverse  s-regular--info-list  padding-top-lg padding-bottom-lg \" >\n                <div class=\"s-regular__container\">\n                    <div class=\"s-regular__content-box\">\n                        <div class=\"s-regular__content  lg-mr-104 \">\n                                                            <h2 class=\"s-regular__title el-title\">\n                                    <p>Vi\u00e9s afetivo<\/p>\n\n                                <\/h2>\n                                                                                        <div class=\"s-regular__description\">\n                                    <p>Movimentos de pre\u00e7os de curto prazo podem desencadear respostas emocionais como entusiasmo ou frustra\u00e7\u00e3o. Essas rea\u00e7\u00f5es podem interferir na paci\u00eancia e na disciplina, resultando em gerenciamento de risco inconsistente.<\/p>\n\n                                <\/div>\n                            \n                                                    <\/div>\n                                                    <div class=\"s-regular__video-box\">\n                                <div class=\"s-regular__video\">\n                                    <iframe loading=\"lazy\" width=\"100%\" height=\"100%\"\n                                            src=\"https:\/\/www.youtube.com\/embed\/R-WhgrmWVvc?si=x4jfB2RcpMGzb-AY\" title=\"YouTube video player\"\n                                            frameborder=\"0\"\n                                            allow=\"accelerometer; autoplay; clipboard-write; encrypted-media; gyroscope; picture-in-picture;\"\n                                            referrerpolicy=\"strict-origin-when-cross-origin\" allowfullscreen><\/iframe>\n\n                                <\/div>\n                                <div style=\"margin-top: 6px\"><p style=\"text-align: center;\"><em><span style=\"font-weight: 400;\">&#8220;Seus Valores. Sua Decis\u00e3o.&#8221;<\/span><\/em><\/p>\n<\/div>\n                            <\/div>\n                                            <\/div>\n                    <div class=\"s-regular__divider el-divider \">\n                        <div class=\"diamond\"><\/div>\n                        <div class=\"diamond\"><\/div>\n                    <\/div>\n                <\/div>\n                <div class=\"el-lines\">\n                    <div class=\"el-lines__line\"><\/div>\n                    <div class=\"el-lines__line\"><\/div>\n                    <div class=\"el-lines__line\"><\/div>\n                    <div class=\"el-lines__line\"><\/div>\n                    <div class=\"el-lines__line\"><\/div>\n                <\/div>\n            <\/div>\n                <div class=\"s-regular__lines el-lines\">\n            <div class=\"el-lines__line\"><\/div>\n            <div class=\"el-lines__line\"><\/div>\n            <div class=\"el-lines__line\"><\/div>\n            <div class=\"el-lines__line\"><\/div>\n            <div class=\"el-lines__line\"><\/div>\n        <\/div>\n    <\/section>\n\n\n<section class=\"s-banner center\" >\n    <div class=\"s-banner__container\">\n        <div class=\"s-banner__content\">\n            \n            \n                            <h2 class=\"s-banner__title\">\n                    <p>Abra a Sua Conta na Quantfury<\/p>\n\n                <\/h2>\n            \n                            <div class=\"s-banner__description\">\n                    <p>Experimente condi\u00e7\u00f5es de trading e investimento inigual\u00e1veis.<\/p>\n\n                <\/div>\n            \n                                                                <div class=\"s-banner__button\">\n                        <a class=\"s-banner__link btn btn--with-arrow\" href=\"https:\/\/trading.quantfury.com\/auth\/registration\">\n                            Abrir uma Conta\n                        <\/a>\n                    <\/div>\n                                    <\/div>\n        <div class=\"s-banner__diamond\"><\/div>\n    <\/div>\n    <div class=\"s-banner__lines el-lines\">\n        <div class=\"el-lines__line\"><\/div>\n        <div class=\"el-lines__line\"><\/div>\n        <div class=\"el-lines__line\"><\/div>\n        <div class=\"el-lines__line\"><\/div>\n        <div class=\"el-lines__line\"><\/div>\n    <\/div>\n<\/section>\n\n\n<p><\/p>\n","protected":false},"excerpt":{"rendered":"","protected":false},"author":6,"featured_media":0,"parent":0,"menu_order":0,"comment_status":"closed","ping_status":"closed","template":"","meta":{"_acf_changed":false,"inline_featured_image":false,"footnotes":""},"class_list":["post-38379","page","type-page","status-publish","hentry"],"acf":[],"yoast_head":"<!-- This site is optimized with the Yoast SEO Premium plugin v27.2 (Yoast SEO v27.2) - https:\/\/yoast.com\/product\/yoast-seo-premium-wordpress\/ -->\n<title>Negocie com Cautela | Quantfury<\/title>\n<meta name=\"robots\" content=\"index, follow, max-snippet:-1, max-image-preview:large, max-video-preview:-1\" \/>\n<link rel=\"canonical\" href=\"https:\/\/quantfury.com\/portuge\/negocie-com-cautela\/\" \/>\n<meta property=\"og:locale\" content=\"pt_PT\" \/>\n<meta property=\"og:type\" content=\"article\" \/>\n<meta property=\"og:title\" content=\"Negocie com Cautela | Quantfury\" \/>\n<meta property=\"og:url\" content=\"https:\/\/quantfury.com\/portuge\/negocie-com-cautela\/\" \/>\n<meta property=\"og:site_name\" content=\"Quantfury\" \/>\n<meta property=\"article:modified_time\" content=\"2026-03-11T15:31:39+00:00\" \/>\n<meta property=\"og:image\" content=\"https:\/\/quantfury.com\/wp-content\/uploads\/2025\/04\/Prev-Image-v7.png\" \/>\n\t<meta property=\"og:image:width\" content=\"1200\" \/>\n\t<meta property=\"og:image:height\" content=\"630\" \/>\n\t<meta property=\"og:image:type\" content=\"image\/png\" \/>\n<meta name=\"twitter:card\" content=\"summary_large_image\" \/>\n<meta name=\"twitter:site\" content=\"@quantfury\" \/>\n<meta name=\"twitter:label1\" content=\"Tempo estimado de leitura\" \/>\n\t<meta name=\"twitter:data1\" content=\"1 minuto\" \/>\n<script type=\"application\/ld+json\" class=\"yoast-schema-graph\">{\"@context\":\"https:\/\/schema.org\",\"@graph\":[{\"@type\":\"Article\",\"@id\":\"https:\/\/quantfury.com\/portuge\/negocie-com-cautela\/#article\",\"isPartOf\":{\"@id\":\"https:\/\/quantfury.com\/portuge\/negocie-com-cautela\/\"},\"author\":{\"name\":\"VLogvinenko\",\"@id\":\"https:\/\/quantfury.com\/#\/schema\/person\/d94f5bfa42302ec836ead32df52ca579\"},\"headline\":\"Negocie com Cautela\",\"datePublished\":\"2026-03-11T15:26:27+00:00\",\"dateModified\":\"2026-03-11T15:31:39+00:00\",\"mainEntityOfPage\":{\"@id\":\"https:\/\/quantfury.com\/portuge\/negocie-com-cautela\/\"},\"wordCount\":3,\"publisher\":{\"@id\":\"https:\/\/quantfury.com\/#organization\"},\"inLanguage\":\"pt-PT\"},{\"@type\":\"WebPage\",\"@id\":\"https:\/\/quantfury.com\/portuge\/negocie-com-cautela\/\",\"url\":\"https:\/\/quantfury.com\/portuge\/negocie-com-cautela\/\",\"name\":\"Negocie com Cautela | Quantfury\",\"isPartOf\":{\"@id\":\"https:\/\/quantfury.com\/#website\"},\"datePublished\":\"2026-03-11T15:26:27+00:00\",\"dateModified\":\"2026-03-11T15:31:39+00:00\",\"breadcrumb\":{\"@id\":\"https:\/\/quantfury.com\/portuge\/negocie-com-cautela\/#breadcrumb\"},\"inLanguage\":\"pt-PT\",\"potentialAction\":[{\"@type\":\"ReadAction\",\"target\":[\"https:\/\/quantfury.com\/portuge\/negocie-com-cautela\/\"]}]},{\"@type\":\"BreadcrumbList\",\"@id\":\"https:\/\/quantfury.com\/portuge\/negocie-com-cautela\/#breadcrumb\",\"itemListElement\":[{\"@type\":\"ListItem\",\"position\":1,\"name\":\"Home\",\"item\":\"https:\/\/quantfury.com\/portuge\/\"},{\"@type\":\"ListItem\",\"position\":2,\"name\":\"Negocie com Cautela\"}]},{\"@type\":\"WebSite\",\"@id\":\"https:\/\/quantfury.com\/#website\",\"url\":\"https:\/\/quantfury.com\/\",\"name\":\"Quantfury\",\"description\":\"\",\"publisher\":{\"@id\":\"https:\/\/quantfury.com\/#organization\"},\"potentialAction\":[{\"@type\":\"SearchAction\",\"target\":{\"@type\":\"EntryPoint\",\"urlTemplate\":\"https:\/\/quantfury.com\/?s={search_term_string}\"},\"query-input\":{\"@type\":\"PropertyValueSpecification\",\"valueRequired\":true,\"valueName\":\"search_term_string\"}}],\"inLanguage\":\"pt-PT\"},{\"@type\":\"Organization\",\"@id\":\"https:\/\/quantfury.com\/#organization\",\"name\":\"Quantfury\",\"url\":\"https:\/\/quantfury.com\/\",\"logo\":{\"@type\":\"ImageObject\",\"inLanguage\":\"pt-PT\",\"@id\":\"https:\/\/quantfury.com\/#\/schema\/logo\/image\/\",\"url\":\"https:\/\/quantfury.com\/wp-content\/uploads\/2021\/04\/logo.svg\",\"contentUrl\":\"https:\/\/quantfury.com\/wp-content\/uploads\/2021\/04\/logo.svg\",\"width\":165,\"height\":36,\"caption\":\"Quantfury\"},\"image\":{\"@id\":\"https:\/\/quantfury.com\/#\/schema\/logo\/image\/\"},\"sameAs\":[\"https:\/\/x.com\/quantfury\",\"https:\/\/instagram.com\/quantfury\",\"https:\/\/www.linkedin.com\/company\/quantfury\/\",\"https:\/\/www.youtube.com\/c\/Quantfury\"]},{\"@type\":\"Person\",\"@id\":\"https:\/\/quantfury.com\/#\/schema\/person\/d94f5bfa42302ec836ead32df52ca579\",\"name\":\"VLogvinenko\",\"url\":\"https:\/\/quantfury.com\/portuge\/author\/vlogvinenko\/\"}]}<\/script>\n<!-- \/ Yoast SEO Premium plugin. -->","yoast_head_json":{"title":"Negocie com Cautela | Quantfury","robots":{"index":"index","follow":"follow","max-snippet":"max-snippet:-1","max-image-preview":"max-image-preview:large","max-video-preview":"max-video-preview:-1"},"canonical":"https:\/\/quantfury.com\/portuge\/negocie-com-cautela\/","og_locale":"pt_PT","og_type":"article","og_title":"Negocie com Cautela | Quantfury","og_url":"https:\/\/quantfury.com\/portuge\/negocie-com-cautela\/","og_site_name":"Quantfury","article_modified_time":"2026-03-11T15:31:39+00:00","og_image":[{"width":1200,"height":630,"url":"https:\/\/quantfury.com\/wp-content\/uploads\/2025\/04\/Prev-Image-v7.png","type":"image\/png"}],"twitter_card":"summary_large_image","twitter_site":"@quantfury","twitter_misc":{"Tempo estimado de leitura":"1 minuto"},"schema":{"@context":"https:\/\/schema.org","@graph":[{"@type":"Article","@id":"https:\/\/quantfury.com\/portuge\/negocie-com-cautela\/#article","isPartOf":{"@id":"https:\/\/quantfury.com\/portuge\/negocie-com-cautela\/"},"author":{"name":"VLogvinenko","@id":"https:\/\/quantfury.com\/#\/schema\/person\/d94f5bfa42302ec836ead32df52ca579"},"headline":"Negocie com Cautela","datePublished":"2026-03-11T15:26:27+00:00","dateModified":"2026-03-11T15:31:39+00:00","mainEntityOfPage":{"@id":"https:\/\/quantfury.com\/portuge\/negocie-com-cautela\/"},"wordCount":3,"publisher":{"@id":"https:\/\/quantfury.com\/#organization"},"inLanguage":"pt-PT"},{"@type":"WebPage","@id":"https:\/\/quantfury.com\/portuge\/negocie-com-cautela\/","url":"https:\/\/quantfury.com\/portuge\/negocie-com-cautela\/","name":"Negocie com Cautela | Quantfury","isPartOf":{"@id":"https:\/\/quantfury.com\/#website"},"datePublished":"2026-03-11T15:26:27+00:00","dateModified":"2026-03-11T15:31:39+00:00","breadcrumb":{"@id":"https:\/\/quantfury.com\/portuge\/negocie-com-cautela\/#breadcrumb"},"inLanguage":"pt-PT","potentialAction":[{"@type":"ReadAction","target":["https:\/\/quantfury.com\/portuge\/negocie-com-cautela\/"]}]},{"@type":"BreadcrumbList","@id":"https:\/\/quantfury.com\/portuge\/negocie-com-cautela\/#breadcrumb","itemListElement":[{"@type":"ListItem","position":1,"name":"Home","item":"https:\/\/quantfury.com\/portuge\/"},{"@type":"ListItem","position":2,"name":"Negocie com Cautela"}]},{"@type":"WebSite","@id":"https:\/\/quantfury.com\/#website","url":"https:\/\/quantfury.com\/","name":"Quantfury","description":"","publisher":{"@id":"https:\/\/quantfury.com\/#organization"},"potentialAction":[{"@type":"SearchAction","target":{"@type":"EntryPoint","urlTemplate":"https:\/\/quantfury.com\/?s={search_term_string}"},"query-input":{"@type":"PropertyValueSpecification","valueRequired":true,"valueName":"search_term_string"}}],"inLanguage":"pt-PT"},{"@type":"Organization","@id":"https:\/\/quantfury.com\/#organization","name":"Quantfury","url":"https:\/\/quantfury.com\/","logo":{"@type":"ImageObject","inLanguage":"pt-PT","@id":"https:\/\/quantfury.com\/#\/schema\/logo\/image\/","url":"https:\/\/quantfury.com\/wp-content\/uploads\/2021\/04\/logo.svg","contentUrl":"https:\/\/quantfury.com\/wp-content\/uploads\/2021\/04\/logo.svg","width":165,"height":36,"caption":"Quantfury"},"image":{"@id":"https:\/\/quantfury.com\/#\/schema\/logo\/image\/"},"sameAs":["https:\/\/x.com\/quantfury","https:\/\/instagram.com\/quantfury","https:\/\/www.linkedin.com\/company\/quantfury\/","https:\/\/www.youtube.com\/c\/Quantfury"]},{"@type":"Person","@id":"https:\/\/quantfury.com\/#\/schema\/person\/d94f5bfa42302ec836ead32df52ca579","name":"VLogvinenko","url":"https:\/\/quantfury.com\/portuge\/author\/vlogvinenko\/"}]}},"_links":{"self":[{"href":"https:\/\/quantfury.com\/portuge\/wp-json\/wp\/v2\/pages\/38379","targetHints":{"allow":["GET"]}}],"collection":[{"href":"https:\/\/quantfury.com\/portuge\/wp-json\/wp\/v2\/pages"}],"about":[{"href":"https:\/\/quantfury.com\/portuge\/wp-json\/wp\/v2\/types\/page"}],"author":[{"embeddable":true,"href":"https:\/\/quantfury.com\/portuge\/wp-json\/wp\/v2\/users\/6"}],"replies":[{"embeddable":true,"href":"https:\/\/quantfury.com\/portuge\/wp-json\/wp\/v2\/comments?post=38379"}],"version-history":[{"count":5,"href":"https:\/\/quantfury.com\/portuge\/wp-json\/wp\/v2\/pages\/38379\/revisions"}],"predecessor-version":[{"id":38931,"href":"https:\/\/quantfury.com\/portuge\/wp-json\/wp\/v2\/pages\/38379\/revisions\/38931"}],"wp:attachment":[{"href":"https:\/\/quantfury.com\/portuge\/wp-json\/wp\/v2\/media?parent=38379"}],"curies":[{"name":"wp","href":"https:\/\/api.w.org\/{rel}","templated":true}]}}