{"id":31058,"date":"2025-03-08T16:11:43","date_gmt":"2025-03-08T16:11:43","guid":{"rendered":"https:\/\/quantfury.com\/web-platform\/"},"modified":"2025-03-26T18:16:36","modified_gmt":"2025-03-26T18:16:36","slug":"plataforma-web","status":"publish","type":"page","link":"https:\/\/quantfury.com\/portuge\/plataforma-web\/","title":{"rendered":"Plataforma Web"},"content":{"rendered":"<section\n        class=\"s-intro  content-default   web-platform   right  \">\n            <div class=\"s-intro__picture\">\n                <img loading=\"lazy\" decoding=\"async\" class=\"s-intro__img right el-image\" src=\"https:\/\/quantfury.com\/wp-content\/uploads\/2025\/03\/i-Web-Platform.svg\" alt=\"\"  width=\"1\" height=\"1\">\n        <\/div>\n            <div class=\"s-intro__container\">\n                    <h1 class=\"s-intro__title\">\n                Plataforma Web\n            <\/h1>\n        \n                    <div class=\"s-intro__description\">\n                O design intuitivo alia-se a uma funcionalidade poderosa.\n            <\/div>\n        \n        \n                    <div class=\"s-intro__button\">\n                <a class=\"s-intro__link btn btn--with-arrow\" href=\"https:\/\/trading.quantfury.com\/auth\/registration\">\n                    Abrir uma Conta\n                <\/a>\n            <\/div>\n                        <div class=\"s-intro__divider el-divider el-divider--colorfully\">\n            <div class=\"diamond\"><\/div>\n            <div class=\"diamond\"><\/div>\n        <\/div>\n    <\/div>\n    <div class=\"el-lines\">\n        <div class=\"el-lines__line\"><\/div>\n        <div class=\"el-lines__line\"><\/div>\n        <div class=\"el-lines__line\"><\/div>\n        <div class=\"el-lines__line\"><\/div>\n        <div class=\"el-lines__line\"><\/div>\n    <\/div>\n<\/section>\n\n    <section class=\"s-info    image-banner web \"\n             style=\"\">\n                <div class=\"s-info__container\">\n                        <div class=\"s-info__content-box  content-alignment-center   content-direction-row \">\n                                                    <div class=\"s-info__content left  full   padding-none   text \"\n                         style=\" \">\n                                                <div class=\"s-info__text\">\n                            <p><img loading=\"lazy\" decoding=\"async\" class=\"alignnone size-full wp-image-32242\" src=\"https:\/\/quantfury.com\/wp-content\/uploads\/2025\/03\/web_banner.png\" alt=\"\" width=\"1200\" height=\"724\" \/><\/p>\n\n                        <\/div>\n                    <\/div>\n                                            <\/div>\n                    <\/div>\n        <div class=\"s-info__lines el-lines\">\n            <div class=\"el-lines__line\"><\/div>\n            <div class=\"el-lines__line\"><\/div>\n            <div class=\"el-lines__line\"><\/div>\n            <div class=\"el-lines__line\"><\/div>\n            <div class=\"el-lines__line\"><\/div>\n        <\/div>\n    <\/section>\n\n\n<section class=\"s-content-block padding-top-sm padding-bottom-lg \">\n    <div class=\"s-content-block__container\">\n        <div class=\"s-content-block__content\" style=\"\">\n            <h2 class=\"s-content-block__header\"><p>Uma Interface Orientada para o Cliente Constru\u00edda do Zero<\/p>\n<\/h2>\n            <p class=\"p1\">A plataforma Web da Quantfury oferece aos clientes condi\u00e7\u00f5es de trading e investimento inigual\u00e1veis diretamente a partir do seu navegador Web. A plataforma oferece uma experi\u00eancia de trading altamente personaliz\u00e1vel com dados e an\u00e1lises de mercado em tempo real, capacidades avan\u00e7adas de gr\u00e1ficos e acesso a +2000 a\u00e7\u00f5es, ETFs, divisas, mat\u00e9rias-primas e \u00edndices do mundo inteiro, tudo num s\u00f3 lugar.<\/p>\n\n                                                                <div class=\"s-content-block__button\">\n                        <a class=\"s-content-block__link btn btn--with-arrow\" href=\"https:\/\/trading.quantfury.com\/\">\n                            Ver Trading ao Vivo\n                        <\/a>\n                    <\/div>\n                                    <\/div>\n                    <div class=\"s-content-block__divider el-divider  el-divider--secondary \">\n                <div class=\"diamond\"><\/div>\n                <div class=\"diamond\"><\/div>\n            <\/div>\n            <\/div>\n    <div class=\"s-content-block__lines el-lines\">\n        <div class=\"el-lines__line\"><\/div>\n        <div class=\"el-lines__line\"><\/div>\n        <div class=\"el-lines__line\"><\/div>\n        <div class=\"el-lines__line\"><\/div>\n        <div class=\"el-lines__line\"><\/div>\n    <\/div>\n<\/section>\n\n    <section class=\"s-info padding-bottom-lg padding-top-lg  web-platform \"\n             style=\"\">\n                <div class=\"s-info__container\">\n                        <div class=\"s-info__content-box  content-alignment-start   content-direction-row \">\n                                    <h2 class=\"s-info__title-general\">Explorar a Plataforma Web Quantfury<\/h2>\n                                                    <div class=\"s-info__content left   padding-none   checked-list \"\n                         style=\" \">\n                                                <div class=\"s-info__text\">\n                            <ul>\n<li>Capitalize os movimentos do mercado com uma sele\u00e7\u00e3o abrangente de ferramentas de trading e investimento para tomar decis\u00f5es de investimento mais bem informadas.<\/li>\n<li>Adapte a sua experi\u00eancia de trading com uma interface de utilizador altamente personaliz\u00e1vel que se adequa \u00e0s suas necessidades di\u00e1rias do mercado.<\/li>\n<li>Aumentar a diversifica\u00e7\u00e3o da carteira com acesso a +2000 a\u00e7\u00f5es, ETFs, divisas, mat\u00e9rias-primas e \u00edndices a partir de uma \u00fanica plataforma.<\/li>\n<\/ul>\n<p><img loading=\"lazy\" decoding=\"async\" class=\"alignnone size-full wp-image-32247\" src=\"https:\/\/quantfury.com\/wp-content\/uploads\/2025\/03\/web-2.png\" alt=\"\" width=\"706\" height=\"778\" \/><\/p>\n\n                        <\/div>\n                    <\/div>\n                                                    <div class=\"s-info__content right   padding-none   checked-list \"\n                         style=\" \">\n                                                <div class=\"s-info__text\">\n                            <ul>\n<li>Ganhe maior visibilidade do mercado com as \u00faltimas not\u00edcias do mercado financeiro, dados econ\u00f4micos globais, resultados de lucros de empresas e muito mais.<\/li>\n<li>Execute negocia\u00e7\u00f5es eficientemente com pre\u00e7os de compra\/venda em tempo real fornecidos diretamente pelas bolsas de valores relevantes, sem comiss\u00f5es ou taxas de empr\u00e9stimo.<\/li>\n<li>Relat\u00f3rios e an\u00e1lises detalhados ajudam os clientes a avaliar rapidamente o desempenho da carteira e a ajustar eficazmente a exposi\u00e7\u00e3o ao mercado.<\/li>\n<\/ul>\n<div id=\"gtx-trans\" style=\"position: absolute; left: 86px; top: 206px;\">\n<div class=\"gtx-trans-icon\"><\/div>\n<\/div>\n\n                        <\/div>\n                    <\/div>\n                            <\/div>\n                            <div class=\"s-info__divider s-info__divider--bottom el-divider \">\n                    <div class=\"diamond\"><\/div>\n                    <div class=\"diamond\"><\/div>\n                <\/div>\n                    <\/div>\n        <div class=\"s-info__lines el-lines\">\n            <div class=\"el-lines__line\"><\/div>\n            <div class=\"el-lines__line\"><\/div>\n            <div class=\"el-lines__line\"><\/div>\n            <div class=\"el-lines__line\"><\/div>\n            <div class=\"el-lines__line\"><\/div>\n        <\/div>\n    <\/section>\n\n\n<section class=\"s-banner center\" >\n    <div class=\"s-banner__container\">\n        <div class=\"s-banner__content\">\n                            <div class=\"s-banner__picture\">\n                        <img loading=\"lazy\" decoding=\"async\" class=\"s-banner__img  el-image\" src=\"https:\/\/quantfury.com\/wp-content\/uploads\/2025\/03\/App-Logo.svg\" alt=\"\"  width=\"1\" height=\"1\">\n                <\/div>\n            \n            \n                            <h2 class=\"s-banner__title\">\n                    <p>Abra a Sua Conta na Quantfury<\/p>\n\n                <\/h2>\n            \n                            <div class=\"s-banner__description\">\n                    <p>Experimente condi\u00e7\u00f5es de trading e investimento inigual\u00e1veis.<\/p>\n\n                <\/div>\n            \n                                                                <div class=\"s-banner__button\">\n                        <a class=\"s-banner__link btn btn--with-arrow\" href=\"https:\/\/trading.quantfury.com\/auth\/registration\">\n                            Abrir uma Conta\n                        <\/a>\n                    <\/div>\n                                    <\/div>\n        <div class=\"s-banner__diamond\"><\/div>\n    <\/div>\n    <div class=\"s-banner__lines el-lines\">\n        <div class=\"el-lines__line\"><\/div>\n        <div class=\"el-lines__line\"><\/div>\n        <div class=\"el-lines__line\"><\/div>\n        <div class=\"el-lines__line\"><\/div>\n        <div class=\"el-lines__line\"><\/div>\n    <\/div>\n<\/section>\n\n\n<p><\/p>\n","protected":false},"excerpt":{"rendered":"","protected":false},"author":1,"featured_media":0,"parent":0,"menu_order":0,"comment_status":"closed","ping_status":"closed","template":"","meta":{"_acf_changed":false,"inline_featured_image":false,"footnotes":""},"class_list":["post-31058","page","type-page","status-publish","hentry"],"acf":[],"yoast_head":"<!-- This site is optimized with the Yoast SEO Premium plugin v27.2 (Yoast SEO v27.2) - https:\/\/yoast.com\/product\/yoast-seo-premium-wordpress\/ -->\n<title>Plataforma Web | Quantfury<\/title>\n<meta name=\"description\" content=\"A plataforma Web da Quantfury oferece aos clientes condi\u00e7\u00f5es de trading e investimento inigual\u00e1veis diretamente a partir do seu navegador Web.\" \/>\n<meta name=\"robots\" content=\"index, follow, max-snippet:-1, max-image-preview:large, max-video-preview:-1\" \/>\n<link rel=\"canonical\" href=\"https:\/\/quantfury.com\/portuge\/plataforma-web\/\" \/>\n<meta property=\"og:locale\" content=\"pt_PT\" \/>\n<meta property=\"og:type\" content=\"article\" \/>\n<meta property=\"og:title\" content=\"Plataforma Web | Quantfury\" \/>\n<meta property=\"og:description\" content=\"A plataforma Web da Quantfury oferece aos clientes condi\u00e7\u00f5es de trading e investimento inigual\u00e1veis diretamente a partir do seu navegador Web.\" \/>\n<meta property=\"og:url\" content=\"https:\/\/quantfury.com\/portuge\/plataforma-web\/\" \/>\n<meta property=\"og:site_name\" content=\"Quantfury\" \/>\n<meta property=\"article:modified_time\" content=\"2025-03-26T18:16:36+00:00\" \/>\n<meta property=\"og:image\" content=\"https:\/\/quantfury.com\/wp-content\/uploads\/2025\/04\/Prev-Image-v7.png\" \/>\n\t<meta property=\"og:image:width\" content=\"1200\" \/>\n\t<meta property=\"og:image:height\" content=\"630\" \/>\n\t<meta property=\"og:image:type\" content=\"image\/png\" \/>\n<meta name=\"twitter:card\" content=\"summary_large_image\" \/>\n<meta name=\"twitter:description\" content=\"A plataforma Web da Quantfury oferece aos clientes condi\u00e7\u00f5es de trading e investimento inigual\u00e1veis diretamente a partir do seu navegador Web.\" \/>\n<meta name=\"twitter:site\" content=\"@quantfury\" \/>\n<meta name=\"twitter:label1\" content=\"Tempo estimado de leitura\" \/>\n\t<meta name=\"twitter:data1\" content=\"2 minutos\" \/>\n<script type=\"application\/ld+json\" class=\"yoast-schema-graph\">{\"@context\":\"https:\/\/schema.org\",\"@graph\":[{\"@type\":\"Article\",\"@id\":\"https:\/\/quantfury.com\/portuge\/plataforma-web\/#article\",\"isPartOf\":{\"@id\":\"https:\/\/quantfury.com\/portuge\/plataforma-web\/\"},\"author\":{\"name\":\"Quantfury\",\"@id\":\"https:\/\/quantfury.com\/#\/schema\/person\/a9f7e8493050fd0144e9482425234990\"},\"headline\":\"Plataforma Web\",\"datePublished\":\"2025-03-08T16:11:43+00:00\",\"dateModified\":\"2025-03-26T18:16:36+00:00\",\"mainEntityOfPage\":{\"@id\":\"https:\/\/quantfury.com\/portuge\/plataforma-web\/\"},\"wordCount\":2,\"publisher\":{\"@id\":\"https:\/\/quantfury.com\/#organization\"},\"inLanguage\":\"pt-PT\"},{\"@type\":\"WebPage\",\"@id\":\"https:\/\/quantfury.com\/portuge\/plataforma-web\/\",\"url\":\"https:\/\/quantfury.com\/portuge\/plataforma-web\/\",\"name\":\"Plataforma Web | Quantfury\",\"isPartOf\":{\"@id\":\"https:\/\/quantfury.com\/#website\"},\"datePublished\":\"2025-03-08T16:11:43+00:00\",\"dateModified\":\"2025-03-26T18:16:36+00:00\",\"description\":\"A plataforma Web da Quantfury oferece aos clientes condi\u00e7\u00f5es de trading e investimento inigual\u00e1veis diretamente a partir do seu navegador Web.\",\"breadcrumb\":{\"@id\":\"https:\/\/quantfury.com\/portuge\/plataforma-web\/#breadcrumb\"},\"inLanguage\":\"pt-PT\",\"potentialAction\":[{\"@type\":\"ReadAction\",\"target\":[\"https:\/\/quantfury.com\/portuge\/plataforma-web\/\"]}]},{\"@type\":\"BreadcrumbList\",\"@id\":\"https:\/\/quantfury.com\/portuge\/plataforma-web\/#breadcrumb\",\"itemListElement\":[{\"@type\":\"ListItem\",\"position\":1,\"name\":\"Home\",\"item\":\"https:\/\/quantfury.com\/portuge\/\"},{\"@type\":\"ListItem\",\"position\":2,\"name\":\"Plataforma Web\"}]},{\"@type\":\"WebSite\",\"@id\":\"https:\/\/quantfury.com\/#website\",\"url\":\"https:\/\/quantfury.com\/\",\"name\":\"Quantfury\",\"description\":\"\",\"publisher\":{\"@id\":\"https:\/\/quantfury.com\/#organization\"},\"potentialAction\":[{\"@type\":\"SearchAction\",\"target\":{\"@type\":\"EntryPoint\",\"urlTemplate\":\"https:\/\/quantfury.com\/?s={search_term_string}\"},\"query-input\":{\"@type\":\"PropertyValueSpecification\",\"valueRequired\":true,\"valueName\":\"search_term_string\"}}],\"inLanguage\":\"pt-PT\"},{\"@type\":\"Organization\",\"@id\":\"https:\/\/quantfury.com\/#organization\",\"name\":\"Quantfury\",\"url\":\"https:\/\/quantfury.com\/\",\"logo\":{\"@type\":\"ImageObject\",\"inLanguage\":\"pt-PT\",\"@id\":\"https:\/\/quantfury.com\/#\/schema\/logo\/image\/\",\"url\":\"https:\/\/quantfury.com\/wp-content\/uploads\/2021\/04\/logo.svg\",\"contentUrl\":\"https:\/\/quantfury.com\/wp-content\/uploads\/2021\/04\/logo.svg\",\"width\":165,\"height\":36,\"caption\":\"Quantfury\"},\"image\":{\"@id\":\"https:\/\/quantfury.com\/#\/schema\/logo\/image\/\"},\"sameAs\":[\"https:\/\/x.com\/quantfury\",\"https:\/\/instagram.com\/quantfury\",\"https:\/\/www.linkedin.com\/company\/quantfury\/\",\"https:\/\/www.youtube.com\/c\/Quantfury\"]},{\"@type\":\"Person\",\"@id\":\"https:\/\/quantfury.com\/#\/schema\/person\/a9f7e8493050fd0144e9482425234990\",\"name\":\"Quantfury\",\"sameAs\":[\"https:\/\/quantfury.com\"],\"url\":\"https:\/\/quantfury.com\/portuge\/author\/admin\/\"}]}<\/script>\n<!-- \/ Yoast SEO Premium plugin. -->","yoast_head_json":{"title":"Plataforma Web | Quantfury","description":"A plataforma Web da Quantfury oferece aos clientes condi\u00e7\u00f5es de trading e investimento inigual\u00e1veis diretamente a partir do seu navegador Web.","robots":{"index":"index","follow":"follow","max-snippet":"max-snippet:-1","max-image-preview":"max-image-preview:large","max-video-preview":"max-video-preview:-1"},"canonical":"https:\/\/quantfury.com\/portuge\/plataforma-web\/","og_locale":"pt_PT","og_type":"article","og_title":"Plataforma Web | Quantfury","og_description":"A plataforma Web da Quantfury oferece aos clientes condi\u00e7\u00f5es de trading e investimento inigual\u00e1veis diretamente a partir do seu navegador Web.","og_url":"https:\/\/quantfury.com\/portuge\/plataforma-web\/","og_site_name":"Quantfury","article_modified_time":"2025-03-26T18:16:36+00:00","og_image":[{"width":1200,"height":630,"url":"https:\/\/quantfury.com\/wp-content\/uploads\/2025\/04\/Prev-Image-v7.png","type":"image\/png"}],"twitter_card":"summary_large_image","twitter_description":"A plataforma Web da Quantfury oferece aos clientes condi\u00e7\u00f5es de trading e investimento inigual\u00e1veis diretamente a partir do seu navegador Web.","twitter_site":"@quantfury","twitter_misc":{"Tempo estimado de leitura":"2 minutos"},"schema":{"@context":"https:\/\/schema.org","@graph":[{"@type":"Article","@id":"https:\/\/quantfury.com\/portuge\/plataforma-web\/#article","isPartOf":{"@id":"https:\/\/quantfury.com\/portuge\/plataforma-web\/"},"author":{"name":"Quantfury","@id":"https:\/\/quantfury.com\/#\/schema\/person\/a9f7e8493050fd0144e9482425234990"},"headline":"Plataforma Web","datePublished":"2025-03-08T16:11:43+00:00","dateModified":"2025-03-26T18:16:36+00:00","mainEntityOfPage":{"@id":"https:\/\/quantfury.com\/portuge\/plataforma-web\/"},"wordCount":2,"publisher":{"@id":"https:\/\/quantfury.com\/#organization"},"inLanguage":"pt-PT"},{"@type":"WebPage","@id":"https:\/\/quantfury.com\/portuge\/plataforma-web\/","url":"https:\/\/quantfury.com\/portuge\/plataforma-web\/","name":"Plataforma Web | Quantfury","isPartOf":{"@id":"https:\/\/quantfury.com\/#website"},"datePublished":"2025-03-08T16:11:43+00:00","dateModified":"2025-03-26T18:16:36+00:00","description":"A plataforma Web da Quantfury oferece aos clientes condi\u00e7\u00f5es de trading e investimento inigual\u00e1veis diretamente a partir do seu navegador Web.","breadcrumb":{"@id":"https:\/\/quantfury.com\/portuge\/plataforma-web\/#breadcrumb"},"inLanguage":"pt-PT","potentialAction":[{"@type":"ReadAction","target":["https:\/\/quantfury.com\/portuge\/plataforma-web\/"]}]},{"@type":"BreadcrumbList","@id":"https:\/\/quantfury.com\/portuge\/plataforma-web\/#breadcrumb","itemListElement":[{"@type":"ListItem","position":1,"name":"Home","item":"https:\/\/quantfury.com\/portuge\/"},{"@type":"ListItem","position":2,"name":"Plataforma Web"}]},{"@type":"WebSite","@id":"https:\/\/quantfury.com\/#website","url":"https:\/\/quantfury.com\/","name":"Quantfury","description":"","publisher":{"@id":"https:\/\/quantfury.com\/#organization"},"potentialAction":[{"@type":"SearchAction","target":{"@type":"EntryPoint","urlTemplate":"https:\/\/quantfury.com\/?s={search_term_string}"},"query-input":{"@type":"PropertyValueSpecification","valueRequired":true,"valueName":"search_term_string"}}],"inLanguage":"pt-PT"},{"@type":"Organization","@id":"https:\/\/quantfury.com\/#organization","name":"Quantfury","url":"https:\/\/quantfury.com\/","logo":{"@type":"ImageObject","inLanguage":"pt-PT","@id":"https:\/\/quantfury.com\/#\/schema\/logo\/image\/","url":"https:\/\/quantfury.com\/wp-content\/uploads\/2021\/04\/logo.svg","contentUrl":"https:\/\/quantfury.com\/wp-content\/uploads\/2021\/04\/logo.svg","width":165,"height":36,"caption":"Quantfury"},"image":{"@id":"https:\/\/quantfury.com\/#\/schema\/logo\/image\/"},"sameAs":["https:\/\/x.com\/quantfury","https:\/\/instagram.com\/quantfury","https:\/\/www.linkedin.com\/company\/quantfury\/","https:\/\/www.youtube.com\/c\/Quantfury"]},{"@type":"Person","@id":"https:\/\/quantfury.com\/#\/schema\/person\/a9f7e8493050fd0144e9482425234990","name":"Quantfury","sameAs":["https:\/\/quantfury.com"],"url":"https:\/\/quantfury.com\/portuge\/author\/admin\/"}]}},"_links":{"self":[{"href":"https:\/\/quantfury.com\/portuge\/wp-json\/wp\/v2\/pages\/31058","targetHints":{"allow":["GET"]}}],"collection":[{"href":"https:\/\/quantfury.com\/portuge\/wp-json\/wp\/v2\/pages"}],"about":[{"href":"https:\/\/quantfury.com\/portuge\/wp-json\/wp\/v2\/types\/page"}],"author":[{"embeddable":true,"href":"https:\/\/quantfury.com\/portuge\/wp-json\/wp\/v2\/users\/1"}],"replies":[{"embeddable":true,"href":"https:\/\/quantfury.com\/portuge\/wp-json\/wp\/v2\/comments?post=31058"}],"version-history":[{"count":7,"href":"https:\/\/quantfury.com\/portuge\/wp-json\/wp\/v2\/pages\/31058\/revisions"}],"predecessor-version":[{"id":32260,"href":"https:\/\/quantfury.com\/portuge\/wp-json\/wp\/v2\/pages\/31058\/revisions\/32260"}],"wp:attachment":[{"href":"https:\/\/quantfury.com\/portuge\/wp-json\/wp\/v2\/media?parent=31058"}],"curies":[{"name":"wp","href":"https:\/\/api.w.org\/{rel}","templated":true}]}}