{"id":30870,"date":"2025-03-08T16:15:42","date_gmt":"2025-03-08T16:15:42","guid":{"rendered":"https:\/\/quantfury.com\/history\/"},"modified":"2025-04-21T17:25:27","modified_gmt":"2025-04-21T17:25:27","slug":"historia","status":"publish","type":"page","link":"https:\/\/quantfury.com\/portuge\/historia\/","title":{"rendered":"Hist\u00f3ria"},"content":{"rendered":"<section\n        class=\"s-intro  content-default    right  \">\n            <div class=\"s-intro__picture\">\n                <img loading=\"lazy\" decoding=\"async\" class=\"s-intro__img right el-image\" src=\"https:\/\/quantfury.com\/wp-content\/uploads\/2025\/03\/i-History.svg\" alt=\"\"  width=\"1\" height=\"1\">\n        <\/div>\n            <div class=\"s-intro__container\">\n                    <h1 class=\"s-intro__title\">\n                Hist\u00f3ria\n            <\/h1>\n        \n                    <div class=\"s-intro__description\">\n                Revolucionando o trading de varejo no mundo inteiro, tornando-o rent\u00e1vel, justo e transparente desde 2017.\n            <\/div>\n        \n        \n                        <div class=\"s-intro__divider el-divider el-divider--colorfully\">\n            <div class=\"diamond\"><\/div>\n            <div class=\"diamond\"><\/div>\n        <\/div>\n    <\/div>\n    <div class=\"el-lines\">\n        <div class=\"el-lines__line\"><\/div>\n        <div class=\"el-lines__line\"><\/div>\n        <div class=\"el-lines__line\"><\/div>\n        <div class=\"el-lines__line\"><\/div>\n        <div class=\"el-lines__line\"><\/div>\n    <\/div>\n<\/section>\n\n    <section class=\"s-info  padding-top-lg  history-info \"\n             style=\"\">\n                <div class=\"s-info__container\">\n                        <div class=\"s-info__content-box  content-alignment-start   content-direction-column \">\n                                                    <div class=\"s-info__content left   padding-none   text \"\n                         style=\" \">\n                         <h2 class=\"s-info__title\">Uma jornada de trading e investimento inigual\u00e1vel<\/h2>                         <div class=\"s-info__text\">\n                            <p class=\"p1\">Na Quantfury, a nossa hist\u00f3ria \u00e9 uma hist\u00f3ria de inova\u00e7\u00e3o, transpar\u00eancia e um compromisso para revolucionar o panorama dos mercados financeiros de trading. Fundada em 2017 por Lev Mazur, juntamente com uma equipe de traders quantitativos experientes e veteranos em fintech, a Quantfury nasceu de um desejo de contrariar as pr\u00e1ticas de explora\u00e7\u00e3o prevalecentes na ind\u00fastria de corretagem global de retalho.<\/p>\n\n                        <\/div>\n                    <\/div>\n                                                    <div class=\"s-info__content right   padding-none   text \"\n                         style=\" \">\n                                                <div class=\"s-info__text\">\n                            <p><img loading=\"lazy\" decoding=\"async\" class=\"alignnone size-full wp-image-30711\" src=\"https:\/\/quantfury.com\/wp-content\/uploads\/2025\/03\/History-8-1.jpg\" alt=\"\" width=\"2400\" height=\"960\" \/><\/p>\n\n                        <\/div>\n                    <\/div>\n                            <\/div>\n                    <\/div>\n        <div class=\"s-info__lines el-lines\">\n            <div class=\"el-lines__line\"><\/div>\n            <div class=\"el-lines__line\"><\/div>\n            <div class=\"el-lines__line\"><\/div>\n            <div class=\"el-lines__line\"><\/div>\n            <div class=\"el-lines__line\"><\/div>\n        <\/div>\n    <\/section>\n\n\n    <section class=\"s-info padding-bottom-md padding-top-lg  history-info-text \"\n             style=\"\">\n                <div class=\"s-info__container\">\n                            <div class=\"s-info__divider s-info__divider--top el-divider \">\n                    <div class=\"diamond\"><\/div>\n                    <div class=\"diamond\"><\/div>\n                <\/div>\n                        <div class=\"s-info__content-box  content-alignment-start   content-direction-row \">\n                                                    <div class=\"s-info__content left   padding-none   text \"\n                         style=\" \">\n                         <h2 class=\"s-info__title\">O G\u00eanesis<\/h2>                         <div class=\"s-info__text\">\n                            <p>O nosso fundador, Lev Mazur, foi inspirado pelo conceito de psico-hist\u00f3ria da s\u00e9rie \u201cFunda\u00e7\u00e3o\u201d de Isaac Asimov, que lida com a previs\u00e3o estat\u00edstica de eventos futuros. Esta ideia de previs\u00e3o levou Lev a envolver-se profundamente com os mercados financeiros a partir do in\u00edcio dos anos 90, onde testemunhou em primeira m\u00e3o as complexidades e pr\u00e1ticas injustas que os traders e investidores enfrentavam frequentemente. A sua vis\u00e3o era clara: criar uma plataforma onde o trading e o investimento pudessem ser feitos com integridade, a pre\u00e7os spot em tempo real, e sem o peso de taxas ou comiss\u00f5es ocultas.<\/p>\n\n                        <\/div>\n                    <\/div>\n                                                    <div class=\"s-info__content right   padding-none   text \"\n                         style=\" \">\n                         <h2 class=\"s-info__title\">Miss\u00e3o e Crescimento<\/h2>                         <div class=\"s-info__text\">\n                            <p>A miss\u00e3o da Quantfury sempre foi fornecer um ambiente de trading econ\u00f4mico, transparente e justo. Lan\u00e7ada em 2018, a Quantfury pretendia mudar a narrativa da ind\u00fastria de trading, oferecendo servi\u00e7os em v\u00e1rias classes de ativos, incluindo a\u00e7\u00f5es, ETFs, commodities e criptomoedas, tudo sem quaisquer comiss\u00f5es de trading ou taxas de empr\u00e9stimo. Em 2025, a Quantfury tinha acumulado mais de 1,000,000 de utilizadores registados em mais de 60 pa\u00edses, mostrando a procura da abordagem \u00fanica da Quantfury para trading e investimento com condi\u00e7\u00f5es inigual\u00e1veis.<\/p>\n<div id=\"gtx-trans\" style=\"position: absolute; left: 506px; top: -9px;\">\n<div class=\"gtx-trans-icon\"><\/div>\n<\/div>\n\n                        <\/div>\n                    <\/div>\n                            <\/div>\n                    <\/div>\n        <div class=\"s-info__lines el-lines\">\n            <div class=\"el-lines__line\"><\/div>\n            <div class=\"el-lines__line\"><\/div>\n            <div class=\"el-lines__line\"><\/div>\n            <div class=\"el-lines__line\"><\/div>\n            <div class=\"el-lines__line\"><\/div>\n        <\/div>\n    <\/section>\n\n\n    <section class=\"s-info padding-bottom-lg   history-info-text \"\n             style=\"\">\n                <div class=\"s-info__container\">\n                        <div class=\"s-info__content-box  content-alignment-start   content-direction-row \">\n                                                    <div class=\"s-info__content left   padding-none   text \"\n                         style=\" \">\n                         <h2 class=\"s-info__title\">Comunidade e Impacto<\/h2>                         <div class=\"s-info__text\">\n                            <p>A Quantfury fomentou uma comunidade global vibrante, muitas vezes referida como \u201cQuantfurianos\u201d, que se envolve atrav\u00e9s de v\u00e1rias plataformas de redes sociais e eventos comunit\u00e1rios. A Quantfury tamb\u00e9m retribui mostrando o quanto os clientes economizaram em comiss\u00f5es e taxas, com mais de US$ 500 milh\u00f5es economizados at\u00e9 o final de 2024. O compromisso da Quantfury com a educa\u00e7\u00e3o e a transpar\u00eancia inclui a oferta de recursos que ajudam os traders a compreender e participar melhor na din\u00e2mica do mercado.<\/p>\n\n                        <\/div>\n                    <\/div>\n                                                    <div class=\"s-info__content right   padding-none   text \"\n                         style=\" \">\n                         <h2 class=\"s-info__title\">Olhando para o Futuro<\/h2>                         <div class=\"s-info__text\">\n                            <p class=\"p1\">A Quantfury continua dedicada aos seus princ\u00edpios fundadores. O objetivo da Quantfury n\u00e3o \u00e9 apenas ser a plataforma de trading escolhida pelos clientes de varejo a n\u00edvel global, mas ser um l\u00edder na promo\u00e7\u00e3o de um ecossistema de trading e investimento financeiro honesto e acess\u00edvel.<\/p>\n\n                        <\/div>\n                    <\/div>\n                            <\/div>\n                            <div class=\"s-info__divider s-info__divider--bottom el-divider  el-divider--secondary \">\n                    <div class=\"diamond\"><\/div>\n                    <div class=\"diamond\"><\/div>\n                <\/div>\n                    <\/div>\n        <div class=\"s-info__lines el-lines\">\n            <div class=\"el-lines__line\"><\/div>\n            <div class=\"el-lines__line\"><\/div>\n            <div class=\"el-lines__line\"><\/div>\n            <div class=\"el-lines__line\"><\/div>\n            <div class=\"el-lines__line\"><\/div>\n        <\/div>\n    <\/section>\n","protected":false},"excerpt":{"rendered":"","protected":false},"author":1,"featured_media":0,"parent":0,"menu_order":0,"comment_status":"closed","ping_status":"closed","template":"","meta":{"_acf_changed":false,"inline_featured_image":false,"footnotes":""},"class_list":["post-30870","page","type-page","status-publish","hentry"],"acf":[],"yoast_head":"<!-- This site is optimized with the Yoast SEO Premium plugin v27.2 (Yoast SEO v27.2) - https:\/\/yoast.com\/product\/yoast-seo-premium-wordpress\/ -->\n<title>Hist\u00f3ria | Quantfury<\/title>\n<meta name=\"description\" content=\"Na Quantfury, a nossa hist\u00f3ria \u00e9 uma hist\u00f3ria de inova\u00e7\u00e3o, e um compromisso para revolucionar o panorama dos mercados financeiros de trading.\" \/>\n<meta name=\"robots\" content=\"index, follow, max-snippet:-1, max-image-preview:large, max-video-preview:-1\" \/>\n<link rel=\"canonical\" href=\"https:\/\/quantfury.com\/portuge\/historia\/\" \/>\n<meta property=\"og:locale\" content=\"pt_PT\" \/>\n<meta property=\"og:type\" content=\"article\" \/>\n<meta property=\"og:title\" content=\"Hist\u00f3ria | Quantfury\" \/>\n<meta property=\"og:description\" content=\"Na Quantfury, a nossa hist\u00f3ria \u00e9 uma hist\u00f3ria de inova\u00e7\u00e3o, e um compromisso para revolucionar o panorama dos mercados financeiros de trading.\" \/>\n<meta property=\"og:url\" content=\"https:\/\/quantfury.com\/portuge\/historia\/\" \/>\n<meta property=\"og:site_name\" content=\"Quantfury\" \/>\n<meta property=\"article:modified_time\" content=\"2025-04-21T17:25:27+00:00\" \/>\n<meta property=\"og:image\" content=\"https:\/\/quantfury.com\/wp-content\/uploads\/2025\/04\/Prev-Image-v7.png\" \/>\n\t<meta property=\"og:image:width\" content=\"1200\" \/>\n\t<meta property=\"og:image:height\" content=\"630\" \/>\n\t<meta property=\"og:image:type\" content=\"image\/png\" \/>\n<meta name=\"twitter:card\" content=\"summary_large_image\" \/>\n<meta name=\"twitter:description\" content=\"Na Quantfury, a nossa hist\u00f3ria \u00e9 uma hist\u00f3ria de inova\u00e7\u00e3o, e um compromisso para revolucionar o panorama dos mercados financeiros de trading.\" \/>\n<meta name=\"twitter:site\" content=\"@quantfury\" \/>\n<meta name=\"twitter:label1\" content=\"Tempo estimado de leitura\" \/>\n\t<meta name=\"twitter:data1\" content=\"3 minutos\" \/>\n<script type=\"application\/ld+json\" class=\"yoast-schema-graph\">{\"@context\":\"https:\/\/schema.org\",\"@graph\":[{\"@type\":\"Article\",\"@id\":\"https:\/\/quantfury.com\/portuge\/historia\/#article\",\"isPartOf\":{\"@id\":\"https:\/\/quantfury.com\/portuge\/historia\/\"},\"author\":{\"name\":\"Quantfury\",\"@id\":\"https:\/\/quantfury.com\/#\/schema\/person\/a9f7e8493050fd0144e9482425234990\"},\"headline\":\"Hist\u00f3ria\",\"datePublished\":\"2025-03-08T16:15:42+00:00\",\"dateModified\":\"2025-04-21T17:25:27+00:00\",\"mainEntityOfPage\":{\"@id\":\"https:\/\/quantfury.com\/portuge\/historia\/\"},\"wordCount\":2,\"publisher\":{\"@id\":\"https:\/\/quantfury.com\/#organization\"},\"inLanguage\":\"pt-PT\"},{\"@type\":\"WebPage\",\"@id\":\"https:\/\/quantfury.com\/portuge\/historia\/\",\"url\":\"https:\/\/quantfury.com\/portuge\/historia\/\",\"name\":\"Hist\u00f3ria | Quantfury\",\"isPartOf\":{\"@id\":\"https:\/\/quantfury.com\/#website\"},\"datePublished\":\"2025-03-08T16:15:42+00:00\",\"dateModified\":\"2025-04-21T17:25:27+00:00\",\"description\":\"Na Quantfury, a nossa hist\u00f3ria \u00e9 uma hist\u00f3ria de inova\u00e7\u00e3o, e um compromisso para revolucionar o panorama dos mercados financeiros de trading.\",\"breadcrumb\":{\"@id\":\"https:\/\/quantfury.com\/portuge\/historia\/#breadcrumb\"},\"inLanguage\":\"pt-PT\",\"potentialAction\":[{\"@type\":\"ReadAction\",\"target\":[\"https:\/\/quantfury.com\/portuge\/historia\/\"]}]},{\"@type\":\"BreadcrumbList\",\"@id\":\"https:\/\/quantfury.com\/portuge\/historia\/#breadcrumb\",\"itemListElement\":[{\"@type\":\"ListItem\",\"position\":1,\"name\":\"Home\",\"item\":\"https:\/\/quantfury.com\/portuge\/\"},{\"@type\":\"ListItem\",\"position\":2,\"name\":\"Hist\u00f3ria\"}]},{\"@type\":\"WebSite\",\"@id\":\"https:\/\/quantfury.com\/#website\",\"url\":\"https:\/\/quantfury.com\/\",\"name\":\"Quantfury\",\"description\":\"\",\"publisher\":{\"@id\":\"https:\/\/quantfury.com\/#organization\"},\"potentialAction\":[{\"@type\":\"SearchAction\",\"target\":{\"@type\":\"EntryPoint\",\"urlTemplate\":\"https:\/\/quantfury.com\/?s={search_term_string}\"},\"query-input\":{\"@type\":\"PropertyValueSpecification\",\"valueRequired\":true,\"valueName\":\"search_term_string\"}}],\"inLanguage\":\"pt-PT\"},{\"@type\":\"Organization\",\"@id\":\"https:\/\/quantfury.com\/#organization\",\"name\":\"Quantfury\",\"url\":\"https:\/\/quantfury.com\/\",\"logo\":{\"@type\":\"ImageObject\",\"inLanguage\":\"pt-PT\",\"@id\":\"https:\/\/quantfury.com\/#\/schema\/logo\/image\/\",\"url\":\"https:\/\/quantfury.com\/wp-content\/uploads\/2021\/04\/logo.svg\",\"contentUrl\":\"https:\/\/quantfury.com\/wp-content\/uploads\/2021\/04\/logo.svg\",\"width\":165,\"height\":36,\"caption\":\"Quantfury\"},\"image\":{\"@id\":\"https:\/\/quantfury.com\/#\/schema\/logo\/image\/\"},\"sameAs\":[\"https:\/\/x.com\/quantfury\",\"https:\/\/instagram.com\/quantfury\",\"https:\/\/www.linkedin.com\/company\/quantfury\/\",\"https:\/\/www.youtube.com\/c\/Quantfury\"]},{\"@type\":\"Person\",\"@id\":\"https:\/\/quantfury.com\/#\/schema\/person\/a9f7e8493050fd0144e9482425234990\",\"name\":\"Quantfury\",\"sameAs\":[\"https:\/\/quantfury.com\"],\"url\":\"https:\/\/quantfury.com\/portuge\/author\/admin\/\"}]}<\/script>\n<!-- \/ Yoast SEO Premium plugin. -->","yoast_head_json":{"title":"Hist\u00f3ria | Quantfury","description":"Na Quantfury, a nossa hist\u00f3ria \u00e9 uma hist\u00f3ria de inova\u00e7\u00e3o, e um compromisso para revolucionar o panorama dos mercados financeiros de trading.","robots":{"index":"index","follow":"follow","max-snippet":"max-snippet:-1","max-image-preview":"max-image-preview:large","max-video-preview":"max-video-preview:-1"},"canonical":"https:\/\/quantfury.com\/portuge\/historia\/","og_locale":"pt_PT","og_type":"article","og_title":"Hist\u00f3ria | Quantfury","og_description":"Na Quantfury, a nossa hist\u00f3ria \u00e9 uma hist\u00f3ria de inova\u00e7\u00e3o, e um compromisso para revolucionar o panorama dos mercados financeiros de trading.","og_url":"https:\/\/quantfury.com\/portuge\/historia\/","og_site_name":"Quantfury","article_modified_time":"2025-04-21T17:25:27+00:00","og_image":[{"width":1200,"height":630,"url":"https:\/\/quantfury.com\/wp-content\/uploads\/2025\/04\/Prev-Image-v7.png","type":"image\/png"}],"twitter_card":"summary_large_image","twitter_description":"Na Quantfury, a nossa hist\u00f3ria \u00e9 uma hist\u00f3ria de inova\u00e7\u00e3o, e um compromisso para revolucionar o panorama dos mercados financeiros de trading.","twitter_site":"@quantfury","twitter_misc":{"Tempo estimado de leitura":"3 minutos"},"schema":{"@context":"https:\/\/schema.org","@graph":[{"@type":"Article","@id":"https:\/\/quantfury.com\/portuge\/historia\/#article","isPartOf":{"@id":"https:\/\/quantfury.com\/portuge\/historia\/"},"author":{"name":"Quantfury","@id":"https:\/\/quantfury.com\/#\/schema\/person\/a9f7e8493050fd0144e9482425234990"},"headline":"Hist\u00f3ria","datePublished":"2025-03-08T16:15:42+00:00","dateModified":"2025-04-21T17:25:27+00:00","mainEntityOfPage":{"@id":"https:\/\/quantfury.com\/portuge\/historia\/"},"wordCount":2,"publisher":{"@id":"https:\/\/quantfury.com\/#organization"},"inLanguage":"pt-PT"},{"@type":"WebPage","@id":"https:\/\/quantfury.com\/portuge\/historia\/","url":"https:\/\/quantfury.com\/portuge\/historia\/","name":"Hist\u00f3ria | Quantfury","isPartOf":{"@id":"https:\/\/quantfury.com\/#website"},"datePublished":"2025-03-08T16:15:42+00:00","dateModified":"2025-04-21T17:25:27+00:00","description":"Na Quantfury, a nossa hist\u00f3ria \u00e9 uma hist\u00f3ria de inova\u00e7\u00e3o, e um compromisso para revolucionar o panorama dos mercados financeiros de trading.","breadcrumb":{"@id":"https:\/\/quantfury.com\/portuge\/historia\/#breadcrumb"},"inLanguage":"pt-PT","potentialAction":[{"@type":"ReadAction","target":["https:\/\/quantfury.com\/portuge\/historia\/"]}]},{"@type":"BreadcrumbList","@id":"https:\/\/quantfury.com\/portuge\/historia\/#breadcrumb","itemListElement":[{"@type":"ListItem","position":1,"name":"Home","item":"https:\/\/quantfury.com\/portuge\/"},{"@type":"ListItem","position":2,"name":"Hist\u00f3ria"}]},{"@type":"WebSite","@id":"https:\/\/quantfury.com\/#website","url":"https:\/\/quantfury.com\/","name":"Quantfury","description":"","publisher":{"@id":"https:\/\/quantfury.com\/#organization"},"potentialAction":[{"@type":"SearchAction","target":{"@type":"EntryPoint","urlTemplate":"https:\/\/quantfury.com\/?s={search_term_string}"},"query-input":{"@type":"PropertyValueSpecification","valueRequired":true,"valueName":"search_term_string"}}],"inLanguage":"pt-PT"},{"@type":"Organization","@id":"https:\/\/quantfury.com\/#organization","name":"Quantfury","url":"https:\/\/quantfury.com\/","logo":{"@type":"ImageObject","inLanguage":"pt-PT","@id":"https:\/\/quantfury.com\/#\/schema\/logo\/image\/","url":"https:\/\/quantfury.com\/wp-content\/uploads\/2021\/04\/logo.svg","contentUrl":"https:\/\/quantfury.com\/wp-content\/uploads\/2021\/04\/logo.svg","width":165,"height":36,"caption":"Quantfury"},"image":{"@id":"https:\/\/quantfury.com\/#\/schema\/logo\/image\/"},"sameAs":["https:\/\/x.com\/quantfury","https:\/\/instagram.com\/quantfury","https:\/\/www.linkedin.com\/company\/quantfury\/","https:\/\/www.youtube.com\/c\/Quantfury"]},{"@type":"Person","@id":"https:\/\/quantfury.com\/#\/schema\/person\/a9f7e8493050fd0144e9482425234990","name":"Quantfury","sameAs":["https:\/\/quantfury.com"],"url":"https:\/\/quantfury.com\/portuge\/author\/admin\/"}]}},"_links":{"self":[{"href":"https:\/\/quantfury.com\/portuge\/wp-json\/wp\/v2\/pages\/30870","targetHints":{"allow":["GET"]}}],"collection":[{"href":"https:\/\/quantfury.com\/portuge\/wp-json\/wp\/v2\/pages"}],"about":[{"href":"https:\/\/quantfury.com\/portuge\/wp-json\/wp\/v2\/types\/page"}],"author":[{"embeddable":true,"href":"https:\/\/quantfury.com\/portuge\/wp-json\/wp\/v2\/users\/1"}],"replies":[{"embeddable":true,"href":"https:\/\/quantfury.com\/portuge\/wp-json\/wp\/v2\/comments?post=30870"}],"version-history":[{"count":6,"href":"https:\/\/quantfury.com\/portuge\/wp-json\/wp\/v2\/pages\/30870\/revisions"}],"predecessor-version":[{"id":33092,"href":"https:\/\/quantfury.com\/portuge\/wp-json\/wp\/v2\/pages\/30870\/revisions\/33092"}],"wp:attachment":[{"href":"https:\/\/quantfury.com\/portuge\/wp-json\/wp\/v2\/media?parent=30870"}],"curies":[{"name":"wp","href":"https:\/\/api.w.org\/{rel}","templated":true}]}}