{"id":28536,"date":"2021-04-26T13:28:00","date_gmt":"2021-04-26T13:28:00","guid":{"rendered":"https:\/\/quantfury.com\/market-insights\/"},"modified":"2026-04-13T19:49:51","modified_gmt":"2026-04-13T19:49:51","slug":"insights-do-mercado","status":"publish","type":"page","link":"https:\/\/quantfury.com\/portuge\/insights-do-mercado\/","title":{"rendered":"Insights do Mercado"},"content":{"rendered":"<section\n        class=\"s-intro  content-default   market    right  \">\n            <div class=\"s-intro__picture\">\n                <img loading=\"lazy\" decoding=\"async\" class=\"s-intro__img right el-image\" src=\"https:\/\/quantfury.com\/wp-content\/uploads\/2025\/03\/market_illustration.svg\" alt=\"\"  width=\"1\" height=\"1\">\n        <\/div>\n            <div class=\"s-intro__container\">\n                    <h1 class=\"s-intro__title\">\n                Insights do Mercado\n            <\/h1>\n        \n                    <div class=\"s-intro__description\">\n                Focado em neg\u00f3cios e finan\u00e7as, explore os \u00faltimos artigos e coment\u00e1rios de mercado trazidos at\u00e9 si pela equipa de Insights do Mercado da Quantfury.\n            <\/div>\n        \n        \n                        <div class=\"s-intro__divider el-divider el-divider--colorfully\">\n            <div class=\"diamond\"><\/div>\n            <div class=\"diamond\"><\/div>\n        <\/div>\n    <\/div>\n    <div class=\"el-lines\">\n        <div class=\"el-lines__line\"><\/div>\n        <div class=\"el-lines__line\"><\/div>\n        <div class=\"el-lines__line\"><\/div>\n        <div class=\"el-lines__line\"><\/div>\n        <div class=\"el-lines__line\"><\/div>\n    <\/div>\n<\/section>","protected":false},"excerpt":{"rendered":"","protected":false},"author":1,"featured_media":0,"parent":0,"menu_order":0,"comment_status":"closed","ping_status":"closed","template":"page-templates\/market-insights.php","meta":{"_acf_changed":false,"inline_featured_image":false,"footnotes":""},"class_list":["post-28536","page","type-page","status-publish","hentry"],"acf":[],"yoast_head":"<!-- This site is optimized with the Yoast SEO Premium plugin v27.2 (Yoast SEO v27.2) - https:\/\/yoast.com\/product\/yoast-seo-premium-wordpress\/ -->\n<title>Insights do Mercado | Quantfury<\/title>\n<meta name=\"description\" content=\"Insights do Mercado \u00e9 um blog sobre mercados financeiros e estilo de vida abordando as not\u00edcias e tend\u00eancias de interesse dos Quantfurianos.\" \/>\n<meta name=\"robots\" content=\"index, follow, max-snippet:-1, max-image-preview:large, max-video-preview:-1\" \/>\n<link rel=\"canonical\" href=\"https:\/\/quantfury.com\/portuge\/insights-do-mercado\/\" \/>\n<meta property=\"og:locale\" content=\"pt_PT\" \/>\n<meta property=\"og:type\" content=\"article\" \/>\n<meta property=\"og:title\" content=\"Insights do Mercado | Quantfury\" \/>\n<meta property=\"og:description\" content=\"Insights do Mercado \u00e9 um blog sobre mercados financeiros e estilo de vida abordando as not\u00edcias e tend\u00eancias de interesse dos Quantfurianos.\" \/>\n<meta property=\"og:url\" content=\"https:\/\/quantfury.com\/portuge\/insights-do-mercado\/\" \/>\n<meta property=\"og:site_name\" content=\"Quantfury\" \/>\n<meta property=\"article:modified_time\" content=\"2026-04-13T19:49:51+00:00\" \/>\n<meta property=\"og:image\" content=\"https:\/\/quantfury.com\/wp-content\/uploads\/2025\/02\/Portuguese.png\" \/>\n\t<meta property=\"og:image:width\" content=\"2048\" \/>\n\t<meta property=\"og:image:height\" content=\"1536\" \/>\n\t<meta property=\"og:image:type\" content=\"image\/png\" \/>\n<meta name=\"twitter:card\" content=\"summary_large_image\" \/>\n<meta name=\"twitter:title\" content=\"Insights do Mercado | Quantfury\" \/>\n<meta name=\"twitter:description\" content=\"Insights do Mercado \u00e9 um blog sobre mercados financeiros e estilo de vida abordando as not\u00edcias e tend\u00eancias de interesse dos Quantfurianos.\" \/>\n<meta name=\"twitter:site\" content=\"@quantfury\" \/>\n<meta name=\"twitter:label1\" content=\"Tempo estimado de leitura\" \/>\n\t<meta name=\"twitter:data1\" content=\"1 minuto\" \/>\n<script type=\"application\/ld+json\" class=\"yoast-schema-graph\">{\"@context\":\"https:\/\/schema.org\",\"@graph\":[{\"@type\":\"Article\",\"@id\":\"https:\/\/quantfury.com\/portuge\/insights-do-mercado\/#article\",\"isPartOf\":{\"@id\":\"https:\/\/quantfury.com\/portuge\/insights-do-mercado\/\"},\"author\":{\"name\":\"Quantfury\",\"@id\":\"https:\/\/quantfury.com\/#\/schema\/person\/a9f7e8493050fd0144e9482425234990\"},\"headline\":\"Insights do Mercado\",\"datePublished\":\"2021-04-26T13:28:00+00:00\",\"dateModified\":\"2026-04-13T19:49:51+00:00\",\"mainEntityOfPage\":{\"@id\":\"https:\/\/quantfury.com\/portuge\/insights-do-mercado\/\"},\"wordCount\":3,\"publisher\":{\"@id\":\"https:\/\/quantfury.com\/#organization\"},\"inLanguage\":\"pt-PT\"},{\"@type\":\"WebPage\",\"@id\":\"https:\/\/quantfury.com\/portuge\/insights-do-mercado\/\",\"url\":\"https:\/\/quantfury.com\/portuge\/insights-do-mercado\/\",\"name\":\"Insights do Mercado | Quantfury\",\"isPartOf\":{\"@id\":\"https:\/\/quantfury.com\/#website\"},\"datePublished\":\"2021-04-26T13:28:00+00:00\",\"dateModified\":\"2026-04-13T19:49:51+00:00\",\"description\":\"Insights do Mercado \u00e9 um blog sobre mercados financeiros e estilo de vida abordando as not\u00edcias e tend\u00eancias de interesse dos Quantfurianos.\",\"breadcrumb\":{\"@id\":\"https:\/\/quantfury.com\/portuge\/insights-do-mercado\/#breadcrumb\"},\"inLanguage\":\"pt-PT\",\"potentialAction\":[{\"@type\":\"ReadAction\",\"target\":[\"https:\/\/quantfury.com\/portuge\/insights-do-mercado\/\"]}]},{\"@type\":\"BreadcrumbList\",\"@id\":\"https:\/\/quantfury.com\/portuge\/insights-do-mercado\/#breadcrumb\",\"itemListElement\":[{\"@type\":\"ListItem\",\"position\":1,\"name\":\"Home\",\"item\":\"https:\/\/quantfury.com\/portuge\/\"},{\"@type\":\"ListItem\",\"position\":2,\"name\":\"Insights do Mercado\"}]},{\"@type\":\"WebSite\",\"@id\":\"https:\/\/quantfury.com\/#website\",\"url\":\"https:\/\/quantfury.com\/\",\"name\":\"Quantfury\",\"description\":\"\",\"publisher\":{\"@id\":\"https:\/\/quantfury.com\/#organization\"},\"potentialAction\":[{\"@type\":\"SearchAction\",\"target\":{\"@type\":\"EntryPoint\",\"urlTemplate\":\"https:\/\/quantfury.com\/?s={search_term_string}\"},\"query-input\":{\"@type\":\"PropertyValueSpecification\",\"valueRequired\":true,\"valueName\":\"search_term_string\"}}],\"inLanguage\":\"pt-PT\"},{\"@type\":\"Organization\",\"@id\":\"https:\/\/quantfury.com\/#organization\",\"name\":\"Quantfury\",\"url\":\"https:\/\/quantfury.com\/\",\"logo\":{\"@type\":\"ImageObject\",\"inLanguage\":\"pt-PT\",\"@id\":\"https:\/\/quantfury.com\/#\/schema\/logo\/image\/\",\"url\":\"https:\/\/quantfury.com\/wp-content\/uploads\/2021\/04\/logo.svg\",\"contentUrl\":\"https:\/\/quantfury.com\/wp-content\/uploads\/2021\/04\/logo.svg\",\"width\":165,\"height\":36,\"caption\":\"Quantfury\"},\"image\":{\"@id\":\"https:\/\/quantfury.com\/#\/schema\/logo\/image\/\"},\"sameAs\":[\"https:\/\/x.com\/quantfury\",\"https:\/\/instagram.com\/quantfury\",\"https:\/\/www.linkedin.com\/company\/quantfury\/\",\"https:\/\/www.youtube.com\/c\/Quantfury\"]},{\"@type\":\"Person\",\"@id\":\"https:\/\/quantfury.com\/#\/schema\/person\/a9f7e8493050fd0144e9482425234990\",\"name\":\"Quantfury\",\"sameAs\":[\"https:\/\/quantfury.com\"],\"url\":\"https:\/\/quantfury.com\/portuge\/author\/admin\/\"}]}<\/script>\n<!-- \/ Yoast SEO Premium plugin. -->","yoast_head_json":{"title":"Insights do Mercado | Quantfury","description":"Insights do Mercado \u00e9 um blog sobre mercados financeiros e estilo de vida abordando as not\u00edcias e tend\u00eancias de interesse dos Quantfurianos.","robots":{"index":"index","follow":"follow","max-snippet":"max-snippet:-1","max-image-preview":"max-image-preview:large","max-video-preview":"max-video-preview:-1"},"canonical":"https:\/\/quantfury.com\/portuge\/insights-do-mercado\/","og_locale":"pt_PT","og_type":"article","og_title":"Insights do Mercado | Quantfury","og_description":"Insights do Mercado \u00e9 um blog sobre mercados financeiros e estilo de vida abordando as not\u00edcias e tend\u00eancias de interesse dos Quantfurianos.","og_url":"https:\/\/quantfury.com\/portuge\/insights-do-mercado\/","og_site_name":"Quantfury","article_modified_time":"2026-04-13T19:49:51+00:00","og_image":[{"width":2048,"height":1536,"url":"https:\/\/quantfury.com\/wp-content\/uploads\/2025\/02\/Portuguese.png","type":"image\/png"}],"twitter_card":"summary_large_image","twitter_title":"Insights do Mercado | Quantfury","twitter_description":"Insights do Mercado \u00e9 um blog sobre mercados financeiros e estilo de vida abordando as not\u00edcias e tend\u00eancias de interesse dos Quantfurianos.","twitter_site":"@quantfury","twitter_misc":{"Tempo estimado de leitura":"1 minuto"},"schema":{"@context":"https:\/\/schema.org","@graph":[{"@type":"Article","@id":"https:\/\/quantfury.com\/portuge\/insights-do-mercado\/#article","isPartOf":{"@id":"https:\/\/quantfury.com\/portuge\/insights-do-mercado\/"},"author":{"name":"Quantfury","@id":"https:\/\/quantfury.com\/#\/schema\/person\/a9f7e8493050fd0144e9482425234990"},"headline":"Insights do Mercado","datePublished":"2021-04-26T13:28:00+00:00","dateModified":"2026-04-13T19:49:51+00:00","mainEntityOfPage":{"@id":"https:\/\/quantfury.com\/portuge\/insights-do-mercado\/"},"wordCount":3,"publisher":{"@id":"https:\/\/quantfury.com\/#organization"},"inLanguage":"pt-PT"},{"@type":"WebPage","@id":"https:\/\/quantfury.com\/portuge\/insights-do-mercado\/","url":"https:\/\/quantfury.com\/portuge\/insights-do-mercado\/","name":"Insights do Mercado | Quantfury","isPartOf":{"@id":"https:\/\/quantfury.com\/#website"},"datePublished":"2021-04-26T13:28:00+00:00","dateModified":"2026-04-13T19:49:51+00:00","description":"Insights do Mercado \u00e9 um blog sobre mercados financeiros e estilo de vida abordando as not\u00edcias e tend\u00eancias de interesse dos Quantfurianos.","breadcrumb":{"@id":"https:\/\/quantfury.com\/portuge\/insights-do-mercado\/#breadcrumb"},"inLanguage":"pt-PT","potentialAction":[{"@type":"ReadAction","target":["https:\/\/quantfury.com\/portuge\/insights-do-mercado\/"]}]},{"@type":"BreadcrumbList","@id":"https:\/\/quantfury.com\/portuge\/insights-do-mercado\/#breadcrumb","itemListElement":[{"@type":"ListItem","position":1,"name":"Home","item":"https:\/\/quantfury.com\/portuge\/"},{"@type":"ListItem","position":2,"name":"Insights do Mercado"}]},{"@type":"WebSite","@id":"https:\/\/quantfury.com\/#website","url":"https:\/\/quantfury.com\/","name":"Quantfury","description":"","publisher":{"@id":"https:\/\/quantfury.com\/#organization"},"potentialAction":[{"@type":"SearchAction","target":{"@type":"EntryPoint","urlTemplate":"https:\/\/quantfury.com\/?s={search_term_string}"},"query-input":{"@type":"PropertyValueSpecification","valueRequired":true,"valueName":"search_term_string"}}],"inLanguage":"pt-PT"},{"@type":"Organization","@id":"https:\/\/quantfury.com\/#organization","name":"Quantfury","url":"https:\/\/quantfury.com\/","logo":{"@type":"ImageObject","inLanguage":"pt-PT","@id":"https:\/\/quantfury.com\/#\/schema\/logo\/image\/","url":"https:\/\/quantfury.com\/wp-content\/uploads\/2021\/04\/logo.svg","contentUrl":"https:\/\/quantfury.com\/wp-content\/uploads\/2021\/04\/logo.svg","width":165,"height":36,"caption":"Quantfury"},"image":{"@id":"https:\/\/quantfury.com\/#\/schema\/logo\/image\/"},"sameAs":["https:\/\/x.com\/quantfury","https:\/\/instagram.com\/quantfury","https:\/\/www.linkedin.com\/company\/quantfury\/","https:\/\/www.youtube.com\/c\/Quantfury"]},{"@type":"Person","@id":"https:\/\/quantfury.com\/#\/schema\/person\/a9f7e8493050fd0144e9482425234990","name":"Quantfury","sameAs":["https:\/\/quantfury.com"],"url":"https:\/\/quantfury.com\/portuge\/author\/admin\/"}]}},"_links":{"self":[{"href":"https:\/\/quantfury.com\/portuge\/wp-json\/wp\/v2\/pages\/28536","targetHints":{"allow":["GET"]}}],"collection":[{"href":"https:\/\/quantfury.com\/portuge\/wp-json\/wp\/v2\/pages"}],"about":[{"href":"https:\/\/quantfury.com\/portuge\/wp-json\/wp\/v2\/types\/page"}],"author":[{"embeddable":true,"href":"https:\/\/quantfury.com\/portuge\/wp-json\/wp\/v2\/users\/1"}],"replies":[{"embeddable":true,"href":"https:\/\/quantfury.com\/portuge\/wp-json\/wp\/v2\/comments?post=28536"}],"version-history":[{"count":70,"href":"https:\/\/quantfury.com\/portuge\/wp-json\/wp\/v2\/pages\/28536\/revisions"}],"predecessor-version":[{"id":39365,"href":"https:\/\/quantfury.com\/portuge\/wp-json\/wp\/v2\/pages\/28536\/revisions\/39365"}],"wp:attachment":[{"href":"https:\/\/quantfury.com\/portuge\/wp-json\/wp\/v2\/media?parent=28536"}],"curies":[{"name":"wp","href":"https:\/\/api.w.org\/{rel}","templated":true}]}}