{"id":31059,"date":"2025-03-08T16:11:43","date_gmt":"2025-03-08T16:11:43","guid":{"rendered":"https:\/\/quantfury.com\/web-platform\/"},"modified":"2025-03-27T16:33:29","modified_gmt":"2025-03-27T16:33:29","slug":"plataforma-web","status":"publish","type":"page","link":"https:\/\/quantfury.com\/espanol\/plataforma-web\/","title":{"rendered":"Plataforma Web"},"content":{"rendered":"<section\n        class=\"s-intro  content-default   web-platform   right  \">\n            <div class=\"s-intro__picture\">\n                <img loading=\"lazy\" decoding=\"async\" class=\"s-intro__img right el-image\" src=\"https:\/\/quantfury.com\/wp-content\/uploads\/2025\/03\/i-Web-Platform.svg\" alt=\"\"  width=\"1\" height=\"1\">\n        <\/div>\n            <div class=\"s-intro__container\">\n                    <h1 class=\"s-intro__title\">\n                Plataforma Web\n            <\/h1>\n        \n                    <div class=\"s-intro__description\">\n                El dise\u00f1o intuitivo se combina con una funcionalidad poderosa\n            <\/div>\n        \n        \n                    <div class=\"s-intro__button\">\n                <a class=\"s-intro__link btn btn--with-arrow\" href=\"https:\/\/trading.quantfury.com\/auth\/registration\">\n                    Abrir una Cuenta\n                <\/a>\n            <\/div>\n                        <div class=\"s-intro__divider el-divider el-divider--colorfully\">\n            <div class=\"diamond\"><\/div>\n            <div class=\"diamond\"><\/div>\n        <\/div>\n    <\/div>\n    <div class=\"el-lines\">\n        <div class=\"el-lines__line\"><\/div>\n        <div class=\"el-lines__line\"><\/div>\n        <div class=\"el-lines__line\"><\/div>\n        <div class=\"el-lines__line\"><\/div>\n        <div class=\"el-lines__line\"><\/div>\n    <\/div>\n<\/section>\n\n    <section class=\"s-info    image-banner web \"\n             style=\"\">\n                <div class=\"s-info__container\">\n                        <div class=\"s-info__content-box  content-alignment-center   content-direction-row \">\n                                                    <div class=\"s-info__content left  full   padding-none   text \"\n                         style=\" \">\n                                                <div class=\"s-info__text\">\n                            <p><img loading=\"lazy\" decoding=\"async\" class=\"alignnone size-full wp-image-32243\" src=\"https:\/\/quantfury.com\/wp-content\/uploads\/2025\/03\/web_banner.png\" alt=\"\" width=\"1200\" height=\"724\" \/><\/p>\n\n                        <\/div>\n                    <\/div>\n                                            <\/div>\n                    <\/div>\n        <div class=\"s-info__lines el-lines\">\n            <div class=\"el-lines__line\"><\/div>\n            <div class=\"el-lines__line\"><\/div>\n            <div class=\"el-lines__line\"><\/div>\n            <div class=\"el-lines__line\"><\/div>\n            <div class=\"el-lines__line\"><\/div>\n        <\/div>\n    <\/section>\n\n\n<section class=\"s-content-block padding-top-sm padding-bottom-lg \">\n    <div class=\"s-content-block__container\">\n        <div class=\"s-content-block__content\" style=\"\">\n            <h2 class=\"s-content-block__header\"><p>Una Interfaz Orientada al Cliente, Desarrollada Desde Cero<\/p>\n<\/h2>\n            <p>La Plataforma Web de Quantfury ofrece a los clientes condiciones de trading e inversi\u00f3n inigualables directamente desde su navegador. La plataforma brinda una experiencia de trading altamente personalizable, con datos y an\u00e1lisis de mercado en tiempo real, herramientas avanzadas de gr\u00e1ficos y acceso a m\u00e1s de 2000 acciones, ETFs, divisas, materias primas e \u00edndices de todo el mundo, en un solo lugar.<\/p>\n\n                                                                <div class=\"s-content-block__button\">\n                        <a class=\"s-content-block__link btn btn--with-arrow\" href=\"https:\/\/trading.quantfury.com\/\">\n                            Ver Trading en Vivo\n                        <\/a>\n                    <\/div>\n                                    <\/div>\n                    <div class=\"s-content-block__divider el-divider  el-divider--secondary \">\n                <div class=\"diamond\"><\/div>\n                <div class=\"diamond\"><\/div>\n            <\/div>\n            <\/div>\n    <div class=\"s-content-block__lines el-lines\">\n        <div class=\"el-lines__line\"><\/div>\n        <div class=\"el-lines__line\"><\/div>\n        <div class=\"el-lines__line\"><\/div>\n        <div class=\"el-lines__line\"><\/div>\n        <div class=\"el-lines__line\"><\/div>\n    <\/div>\n<\/section>\n\n    <section class=\"s-info padding-bottom-lg padding-top-lg  web-platform \"\n             style=\"\">\n                <div class=\"s-info__container\">\n                        <div class=\"s-info__content-box  content-alignment-start   content-direction-row \">\n                                    <h2 class=\"s-info__title-general\">Explorar la Plataforma Web de Quantfury<\/h2>\n                                                    <div class=\"s-info__content left   padding-none   checked-list \"\n                         style=\" \">\n                                                <div class=\"s-info__text\">\n                            <ul>\n<li>Obtenga beneficios de los movimientos del mercado con una amplia selecci\u00f3n de herramientas de trading e inversi\u00f3n para tomar decisiones m\u00e1s informadas<\/li>\n<li>Personalice su experiencia de trading con una interfaz adaptable a sus necesidades diarias del mercado.<\/li>\n<li>Mejore la diversificaci\u00f3n de su portafolio con acceso a m\u00e1s de 2000 acciones, ETFs, divisas, materias primas e \u00edndices desde una \u00fanica plataforma.<\/li>\n<\/ul>\n<p><img loading=\"lazy\" decoding=\"async\" class=\"alignnone size-full wp-image-32248\" src=\"https:\/\/quantfury.com\/wp-content\/uploads\/2025\/03\/web-2.png\" alt=\"\" width=\"706\" height=\"778\" \/><\/p>\n\n                        <\/div>\n                    <\/div>\n                                                    <div class=\"s-info__content right   padding-none   checked-list \"\n                         style=\" \">\n                                                <div class=\"s-info__text\">\n                            <ul>\n<li>Obtenga mayor visibilidad del mercado con las \u00faltimas noticias financieras, datos econ\u00f3micos globales, resultados de ganancias de empresas y m\u00e1s.<\/li>\n<li>Ejecute operaciones de manera eficiente con precios de compra y venta en tiempo real directamente desde las bolsas relevantes, sin comisiones ni tarifas de pr\u00e9stamo.<\/li>\n<li>Informes y an\u00e1lisis detallados permiten a los clientes evaluar r\u00e1pidamente el desempe\u00f1o de su portafolio y ajustar su exposici\u00f3n al mercado de manera efectiva.<\/li>\n<\/ul>\n\n                        <\/div>\n                    <\/div>\n                            <\/div>\n                            <div class=\"s-info__divider s-info__divider--bottom el-divider \">\n                    <div class=\"diamond\"><\/div>\n                    <div class=\"diamond\"><\/div>\n                <\/div>\n                    <\/div>\n        <div class=\"s-info__lines el-lines\">\n            <div class=\"el-lines__line\"><\/div>\n            <div class=\"el-lines__line\"><\/div>\n            <div class=\"el-lines__line\"><\/div>\n            <div class=\"el-lines__line\"><\/div>\n            <div class=\"el-lines__line\"><\/div>\n        <\/div>\n    <\/section>\n\n\n<section class=\"s-banner center\" >\n    <div class=\"s-banner__container\">\n        <div class=\"s-banner__content\">\n                            <div class=\"s-banner__picture\">\n                        <img loading=\"lazy\" decoding=\"async\" class=\"s-banner__img  el-image\" src=\"https:\/\/quantfury.com\/wp-content\/uploads\/2025\/03\/App-Logo.svg\" alt=\"\"  width=\"1\" height=\"1\">\n                <\/div>\n            \n            \n                            <h2 class=\"s-banner__title\">\n                    <p>Abra su Cuenta con Quantfury<\/p>\n\n                <\/h2>\n            \n                            <div class=\"s-banner__description\">\n                    <p>Experimente condiciones de trading e inversi\u00f3n inigualables.<\/p>\n\n                <\/div>\n            \n                                                                <div class=\"s-banner__button\">\n                        <a class=\"s-banner__link btn btn--with-arrow\" href=\"https:\/\/trading.quantfury.com\/auth\/registration\">\n                            Abrir una Cuenta\n                        <\/a>\n                    <\/div>\n                                    <\/div>\n        <div class=\"s-banner__diamond\"><\/div>\n    <\/div>\n    <div class=\"s-banner__lines el-lines\">\n        <div class=\"el-lines__line\"><\/div>\n        <div class=\"el-lines__line\"><\/div>\n        <div class=\"el-lines__line\"><\/div>\n        <div class=\"el-lines__line\"><\/div>\n        <div class=\"el-lines__line\"><\/div>\n    <\/div>\n<\/section>\n\n\n<p><\/p>\n","protected":false},"excerpt":{"rendered":"","protected":false},"author":1,"featured_media":0,"parent":0,"menu_order":0,"comment_status":"closed","ping_status":"closed","template":"","meta":{"_acf_changed":false,"inline_featured_image":false,"footnotes":""},"class_list":["post-31059","page","type-page","status-publish","hentry"],"acf":[],"yoast_head":"<!-- This site is optimized with the Yoast SEO Premium plugin v27.2 (Yoast SEO v27.2) - https:\/\/yoast.com\/product\/yoast-seo-premium-wordpress\/ -->\n<title>Plataforma Web | Quantfury<\/title>\n<meta name=\"description\" content=\"La Plataforma Web de Quantfury ofrece a los clientes condiciones de trading e inversi\u00f3n inigualables directamente desde su navegador.\" \/>\n<meta name=\"robots\" content=\"index, follow, max-snippet:-1, max-image-preview:large, max-video-preview:-1\" \/>\n<link rel=\"canonical\" href=\"https:\/\/quantfury.com\/espanol\/plataforma-web\/\" \/>\n<meta property=\"og:locale\" content=\"es_ES\" \/>\n<meta property=\"og:type\" content=\"article\" \/>\n<meta property=\"og:title\" content=\"Plataforma Web | Quantfury\" \/>\n<meta property=\"og:description\" content=\"La Plataforma Web de Quantfury ofrece a los clientes condiciones de trading e inversi\u00f3n inigualables directamente desde su navegador.\" \/>\n<meta property=\"og:url\" content=\"https:\/\/quantfury.com\/espanol\/plataforma-web\/\" \/>\n<meta property=\"og:site_name\" content=\"Quantfury\" \/>\n<meta property=\"article:modified_time\" content=\"2025-03-27T16:33:29+00:00\" \/>\n<meta property=\"og:image\" content=\"https:\/\/quantfury.com\/wp-content\/uploads\/2025\/04\/Prev-Image-v7.png\" \/>\n\t<meta property=\"og:image:width\" content=\"1200\" \/>\n\t<meta property=\"og:image:height\" content=\"630\" \/>\n\t<meta property=\"og:image:type\" content=\"image\/png\" \/>\n<meta name=\"twitter:card\" content=\"summary_large_image\" \/>\n<meta name=\"twitter:description\" content=\"La Plataforma Web de Quantfury ofrece a los clientes condiciones de trading e inversi\u00f3n inigualables directamente desde su navegador.\" \/>\n<meta name=\"twitter:site\" content=\"@quantfury\" \/>\n<meta name=\"twitter:label1\" content=\"Tiempo de lectura\" \/>\n\t<meta name=\"twitter:data1\" content=\"2 minutos\" \/>\n<script type=\"application\/ld+json\" class=\"yoast-schema-graph\">{\"@context\":\"https:\/\/schema.org\",\"@graph\":[{\"@type\":\"Article\",\"@id\":\"https:\/\/quantfury.com\/espanol\/plataforma-web\/#article\",\"isPartOf\":{\"@id\":\"https:\/\/quantfury.com\/espanol\/plataforma-web\/\"},\"author\":{\"name\":\"Quantfury\",\"@id\":\"https:\/\/quantfury.com\/#\/schema\/person\/a9f7e8493050fd0144e9482425234990\"},\"headline\":\"Plataforma Web\",\"datePublished\":\"2025-03-08T16:11:43+00:00\",\"dateModified\":\"2025-03-27T16:33:29+00:00\",\"mainEntityOfPage\":{\"@id\":\"https:\/\/quantfury.com\/espanol\/plataforma-web\/\"},\"wordCount\":2,\"publisher\":{\"@id\":\"https:\/\/quantfury.com\/#organization\"},\"inLanguage\":\"es\"},{\"@type\":\"WebPage\",\"@id\":\"https:\/\/quantfury.com\/espanol\/plataforma-web\/\",\"url\":\"https:\/\/quantfury.com\/espanol\/plataforma-web\/\",\"name\":\"Plataforma Web | Quantfury\",\"isPartOf\":{\"@id\":\"https:\/\/quantfury.com\/#website\"},\"datePublished\":\"2025-03-08T16:11:43+00:00\",\"dateModified\":\"2025-03-27T16:33:29+00:00\",\"description\":\"La Plataforma Web de Quantfury ofrece a los clientes condiciones de trading e inversi\u00f3n inigualables directamente desde su navegador.\",\"breadcrumb\":{\"@id\":\"https:\/\/quantfury.com\/espanol\/plataforma-web\/#breadcrumb\"},\"inLanguage\":\"es\",\"potentialAction\":[{\"@type\":\"ReadAction\",\"target\":[\"https:\/\/quantfury.com\/espanol\/plataforma-web\/\"]}]},{\"@type\":\"BreadcrumbList\",\"@id\":\"https:\/\/quantfury.com\/espanol\/plataforma-web\/#breadcrumb\",\"itemListElement\":[{\"@type\":\"ListItem\",\"position\":1,\"name\":\"Home\",\"item\":\"https:\/\/quantfury.com\/espanol\/\"},{\"@type\":\"ListItem\",\"position\":2,\"name\":\"Plataforma Web\"}]},{\"@type\":\"WebSite\",\"@id\":\"https:\/\/quantfury.com\/#website\",\"url\":\"https:\/\/quantfury.com\/\",\"name\":\"Quantfury\",\"description\":\"\",\"publisher\":{\"@id\":\"https:\/\/quantfury.com\/#organization\"},\"potentialAction\":[{\"@type\":\"SearchAction\",\"target\":{\"@type\":\"EntryPoint\",\"urlTemplate\":\"https:\/\/quantfury.com\/?s={search_term_string}\"},\"query-input\":{\"@type\":\"PropertyValueSpecification\",\"valueRequired\":true,\"valueName\":\"search_term_string\"}}],\"inLanguage\":\"es\"},{\"@type\":\"Organization\",\"@id\":\"https:\/\/quantfury.com\/#organization\",\"name\":\"Quantfury\",\"url\":\"https:\/\/quantfury.com\/\",\"logo\":{\"@type\":\"ImageObject\",\"inLanguage\":\"es\",\"@id\":\"https:\/\/quantfury.com\/#\/schema\/logo\/image\/\",\"url\":\"https:\/\/quantfury.com\/wp-content\/uploads\/2021\/04\/logo.svg\",\"contentUrl\":\"https:\/\/quantfury.com\/wp-content\/uploads\/2021\/04\/logo.svg\",\"width\":165,\"height\":36,\"caption\":\"Quantfury\"},\"image\":{\"@id\":\"https:\/\/quantfury.com\/#\/schema\/logo\/image\/\"},\"sameAs\":[\"https:\/\/x.com\/quantfury\",\"https:\/\/instagram.com\/quantfury\",\"https:\/\/www.linkedin.com\/company\/quantfury\/\",\"https:\/\/www.youtube.com\/c\/Quantfury\"]},{\"@type\":\"Person\",\"@id\":\"https:\/\/quantfury.com\/#\/schema\/person\/a9f7e8493050fd0144e9482425234990\",\"name\":\"Quantfury\",\"sameAs\":[\"https:\/\/quantfury.com\"],\"url\":\"https:\/\/quantfury.com\/espanol\/author\/admin\/\"}]}<\/script>\n<!-- \/ Yoast SEO Premium plugin. -->","yoast_head_json":{"title":"Plataforma Web | Quantfury","description":"La Plataforma Web de Quantfury ofrece a los clientes condiciones de trading e inversi\u00f3n inigualables directamente desde su navegador.","robots":{"index":"index","follow":"follow","max-snippet":"max-snippet:-1","max-image-preview":"max-image-preview:large","max-video-preview":"max-video-preview:-1"},"canonical":"https:\/\/quantfury.com\/espanol\/plataforma-web\/","og_locale":"es_ES","og_type":"article","og_title":"Plataforma Web | Quantfury","og_description":"La Plataforma Web de Quantfury ofrece a los clientes condiciones de trading e inversi\u00f3n inigualables directamente desde su navegador.","og_url":"https:\/\/quantfury.com\/espanol\/plataforma-web\/","og_site_name":"Quantfury","article_modified_time":"2025-03-27T16:33:29+00:00","og_image":[{"width":1200,"height":630,"url":"https:\/\/quantfury.com\/wp-content\/uploads\/2025\/04\/Prev-Image-v7.png","type":"image\/png"}],"twitter_card":"summary_large_image","twitter_description":"La Plataforma Web de Quantfury ofrece a los clientes condiciones de trading e inversi\u00f3n inigualables directamente desde su navegador.","twitter_site":"@quantfury","twitter_misc":{"Tiempo de lectura":"2 minutos"},"schema":{"@context":"https:\/\/schema.org","@graph":[{"@type":"Article","@id":"https:\/\/quantfury.com\/espanol\/plataforma-web\/#article","isPartOf":{"@id":"https:\/\/quantfury.com\/espanol\/plataforma-web\/"},"author":{"name":"Quantfury","@id":"https:\/\/quantfury.com\/#\/schema\/person\/a9f7e8493050fd0144e9482425234990"},"headline":"Plataforma Web","datePublished":"2025-03-08T16:11:43+00:00","dateModified":"2025-03-27T16:33:29+00:00","mainEntityOfPage":{"@id":"https:\/\/quantfury.com\/espanol\/plataforma-web\/"},"wordCount":2,"publisher":{"@id":"https:\/\/quantfury.com\/#organization"},"inLanguage":"es"},{"@type":"WebPage","@id":"https:\/\/quantfury.com\/espanol\/plataforma-web\/","url":"https:\/\/quantfury.com\/espanol\/plataforma-web\/","name":"Plataforma Web | Quantfury","isPartOf":{"@id":"https:\/\/quantfury.com\/#website"},"datePublished":"2025-03-08T16:11:43+00:00","dateModified":"2025-03-27T16:33:29+00:00","description":"La Plataforma Web de Quantfury ofrece a los clientes condiciones de trading e inversi\u00f3n inigualables directamente desde su navegador.","breadcrumb":{"@id":"https:\/\/quantfury.com\/espanol\/plataforma-web\/#breadcrumb"},"inLanguage":"es","potentialAction":[{"@type":"ReadAction","target":["https:\/\/quantfury.com\/espanol\/plataforma-web\/"]}]},{"@type":"BreadcrumbList","@id":"https:\/\/quantfury.com\/espanol\/plataforma-web\/#breadcrumb","itemListElement":[{"@type":"ListItem","position":1,"name":"Home","item":"https:\/\/quantfury.com\/espanol\/"},{"@type":"ListItem","position":2,"name":"Plataforma Web"}]},{"@type":"WebSite","@id":"https:\/\/quantfury.com\/#website","url":"https:\/\/quantfury.com\/","name":"Quantfury","description":"","publisher":{"@id":"https:\/\/quantfury.com\/#organization"},"potentialAction":[{"@type":"SearchAction","target":{"@type":"EntryPoint","urlTemplate":"https:\/\/quantfury.com\/?s={search_term_string}"},"query-input":{"@type":"PropertyValueSpecification","valueRequired":true,"valueName":"search_term_string"}}],"inLanguage":"es"},{"@type":"Organization","@id":"https:\/\/quantfury.com\/#organization","name":"Quantfury","url":"https:\/\/quantfury.com\/","logo":{"@type":"ImageObject","inLanguage":"es","@id":"https:\/\/quantfury.com\/#\/schema\/logo\/image\/","url":"https:\/\/quantfury.com\/wp-content\/uploads\/2021\/04\/logo.svg","contentUrl":"https:\/\/quantfury.com\/wp-content\/uploads\/2021\/04\/logo.svg","width":165,"height":36,"caption":"Quantfury"},"image":{"@id":"https:\/\/quantfury.com\/#\/schema\/logo\/image\/"},"sameAs":["https:\/\/x.com\/quantfury","https:\/\/instagram.com\/quantfury","https:\/\/www.linkedin.com\/company\/quantfury\/","https:\/\/www.youtube.com\/c\/Quantfury"]},{"@type":"Person","@id":"https:\/\/quantfury.com\/#\/schema\/person\/a9f7e8493050fd0144e9482425234990","name":"Quantfury","sameAs":["https:\/\/quantfury.com"],"url":"https:\/\/quantfury.com\/espanol\/author\/admin\/"}]}},"_links":{"self":[{"href":"https:\/\/quantfury.com\/espanol\/wp-json\/wp\/v2\/pages\/31059","targetHints":{"allow":["GET"]}}],"collection":[{"href":"https:\/\/quantfury.com\/espanol\/wp-json\/wp\/v2\/pages"}],"about":[{"href":"https:\/\/quantfury.com\/espanol\/wp-json\/wp\/v2\/types\/page"}],"author":[{"embeddable":true,"href":"https:\/\/quantfury.com\/espanol\/wp-json\/wp\/v2\/users\/1"}],"replies":[{"embeddable":true,"href":"https:\/\/quantfury.com\/espanol\/wp-json\/wp\/v2\/comments?post=31059"}],"version-history":[{"count":3,"href":"https:\/\/quantfury.com\/espanol\/wp-json\/wp\/v2\/pages\/31059\/revisions"}],"predecessor-version":[{"id":32539,"href":"https:\/\/quantfury.com\/espanol\/wp-json\/wp\/v2\/pages\/31059\/revisions\/32539"}],"wp:attachment":[{"href":"https:\/\/quantfury.com\/espanol\/wp-json\/wp\/v2\/media?parent=31059"}],"curies":[{"name":"wp","href":"https:\/\/api.w.org\/{rel}","templated":true}]}}