{"id":30871,"date":"2025-03-08T16:15:42","date_gmt":"2025-03-08T16:15:42","guid":{"rendered":"https:\/\/quantfury.com\/history\/"},"modified":"2025-04-21T17:25:45","modified_gmt":"2025-04-21T17:25:45","slug":"historia","status":"publish","type":"page","link":"https:\/\/quantfury.com\/espanol\/historia\/","title":{"rendered":"Historia"},"content":{"rendered":"<section\n        class=\"s-intro  content-default    right  \">\n            <div class=\"s-intro__picture\">\n                <img loading=\"lazy\" decoding=\"async\" class=\"s-intro__img right el-image\" src=\"https:\/\/quantfury.com\/wp-content\/uploads\/2025\/03\/i-History.svg\" alt=\"\"  width=\"1\" height=\"1\">\n        <\/div>\n            <div class=\"s-intro__container\">\n                    <h1 class=\"s-intro__title\">\n                Historia\n            <\/h1>\n        \n                    <div class=\"s-intro__description\">\n                Revolucionando el trading minorista a nivel mundial al hacerlo accesible, justo y transparente desde 2017.\n            <\/div>\n        \n        \n                        <div class=\"s-intro__divider el-divider el-divider--colorfully\">\n            <div class=\"diamond\"><\/div>\n            <div class=\"diamond\"><\/div>\n        <\/div>\n    <\/div>\n    <div class=\"el-lines\">\n        <div class=\"el-lines__line\"><\/div>\n        <div class=\"el-lines__line\"><\/div>\n        <div class=\"el-lines__line\"><\/div>\n        <div class=\"el-lines__line\"><\/div>\n        <div class=\"el-lines__line\"><\/div>\n    <\/div>\n<\/section>\n\n    <section class=\"s-info  padding-top-lg  history-info \"\n             style=\"\">\n                <div class=\"s-info__container\">\n                        <div class=\"s-info__content-box  content-alignment-start   content-direction-column \">\n                                                    <div class=\"s-info__content left   padding-none   text \"\n                         style=\" \">\n                         <h2 class=\"s-info__title\">Un Recorrido de Trading e Inversi\u00f3n Inigualables<\/h2>                         <div class=\"s-info__text\">\n                            <p>En Quantfury, nuestra historia es de innovaci\u00f3n, transparencia y compromiso con la transformaci\u00f3n del panorama de los mercados financieros. Fundada en 2017 por Lev Mazur, junto a un equipo de traders cuantitativos experimentados y veteranos de la industria fintech, Quantfury naci\u00f3 con el prop\u00f3sito de contrarrestar las pr\u00e1cticas abusivas comunes en la industria global de brokers minoristas.<\/p>\n\n                        <\/div>\n                    <\/div>\n                                                    <div class=\"s-info__content right   padding-none   text \"\n                         style=\" \">\n                                                <div class=\"s-info__text\">\n                            <p><img loading=\"lazy\" decoding=\"async\" class=\"alignnone size-full wp-image-30711\" src=\"https:\/\/quantfury.com\/wp-content\/uploads\/2025\/03\/History-8-1.jpg\" alt=\"\" width=\"2400\" height=\"960\" \/><\/p>\n\n                        <\/div>\n                    <\/div>\n                            <\/div>\n                    <\/div>\n        <div class=\"s-info__lines el-lines\">\n            <div class=\"el-lines__line\"><\/div>\n            <div class=\"el-lines__line\"><\/div>\n            <div class=\"el-lines__line\"><\/div>\n            <div class=\"el-lines__line\"><\/div>\n            <div class=\"el-lines__line\"><\/div>\n        <\/div>\n    <\/section>\n\n\n    <section class=\"s-info padding-bottom-md padding-top-lg  history-info-text \"\n             style=\"\">\n                <div class=\"s-info__container\">\n                            <div class=\"s-info__divider s-info__divider--top el-divider \">\n                    <div class=\"diamond\"><\/div>\n                    <div class=\"diamond\"><\/div>\n                <\/div>\n                        <div class=\"s-info__content-box  content-alignment-start   content-direction-row \">\n                                                    <div class=\"s-info__content left   padding-none   text \"\n                         style=\" \">\n                         <h2 class=\"s-info__title\">La G\u00e9nesis<\/h2>                         <div class=\"s-info__text\">\n                            <p>Nuestro fundador, Lev Mazur, se inspir\u00f3 en el concepto de psicohistoria de la saga \u00abFundaci\u00f3n\u00bb de Isaac Asimov, que trata sobre la predicci\u00f3n estad\u00edstica de eventos futuros. Esta idea de proyecci\u00f3n llev\u00f3 a Lev a involucrarse de manera activa en los mercados financieros a principios de los a\u00f1os 90, donde fue testigo directo de la complejidad y las pr\u00e1cticas injustas que enfrentaban traders e inversionistas. Su visi\u00f3n fue clara: crear una plataforma donde se pudiera operar e invertir con integridad, a precios spot en tiempo real y sin cargas ocultas ni comisiones.<\/p>\n\n                        <\/div>\n                    <\/div>\n                                                    <div class=\"s-info__content right   padding-none   text \"\n                         style=\" \">\n                         <h2 class=\"s-info__title\">Misi\u00f3n y Crecimiento<\/h2>                         <div class=\"s-info__text\">\n                            <p>La misi\u00f3n de Quantfury siempre ha sido ofrecer un entorno de trading accesible, transparente y justo. Lanzada en 2018, Quantfury busc\u00f3 cambiar la narrativa de la industria del trading ofreciendo servicios en m\u00faltiples clases de activos, incluyendo acciones, ETFs, materias primas y criptomonedas, todo sin comisiones por operaci\u00f3n ni tarifas de pr\u00e9stamo. Para 2025, Quantfury hab\u00eda superado 1,000,000 de usuarios registrados en m\u00e1s de 60 pa\u00edses, reflejando la demanda por el enfoque \u00fanico de Quantfury para operar e invertir con condiciones inigualables.<\/p>\n\n                        <\/div>\n                    <\/div>\n                            <\/div>\n                    <\/div>\n        <div class=\"s-info__lines el-lines\">\n            <div class=\"el-lines__line\"><\/div>\n            <div class=\"el-lines__line\"><\/div>\n            <div class=\"el-lines__line\"><\/div>\n            <div class=\"el-lines__line\"><\/div>\n            <div class=\"el-lines__line\"><\/div>\n        <\/div>\n    <\/section>\n\n\n    <section class=\"s-info padding-bottom-lg   history-info-text \"\n             style=\"\">\n                <div class=\"s-info__container\">\n                        <div class=\"s-info__content-box  content-alignment-start   content-direction-row \">\n                                                    <div class=\"s-info__content left   padding-none   text \"\n                         style=\" \">\n                         <h2 class=\"s-info__title\">Comunidad e Impacto<\/h2>                         <div class=\"s-info__text\">\n                            <p>Quantfury ha consolidado una comunidad global activa, conocida como \u00abQuantfurianos\u00bb, que interact\u00faan a trav\u00e9s de diversas plataformas sociales y eventos comunitarios. Adem\u00e1s, Quantfury ha retribuido mostrando cu\u00e1nto han ahorrado los clientes en comisiones y tarifas, superando los 500 millones de d\u00f3lares ahorrados a fines de 2024. El compromiso de Quantfury con la educaci\u00f3n y la transparencia incluye ofrecer recursos que ayudan a los traders a comprender y participar mejor en la din\u00e1mica del mercado.<\/p>\n\n                        <\/div>\n                    <\/div>\n                                                    <div class=\"s-info__content right   padding-none   text \"\n                         style=\" \">\n                         <h2 class=\"s-info__title\">Mirando Hacia Adelante<\/h2>                         <div class=\"s-info__text\">\n                            <p>Quantfury sigue firme en sus principios fundacionales. El objetivo de Quantfury no es solo ser la plataforma de trading preferida por los clientes minoristas a nivel global, sino tambi\u00e9n liderar la creaci\u00f3n de un ecosistema financiero honesto y accesible para operar e invertir.<\/p>\n\n                        <\/div>\n                    <\/div>\n                            <\/div>\n                            <div class=\"s-info__divider s-info__divider--bottom el-divider  el-divider--secondary \">\n                    <div class=\"diamond\"><\/div>\n                    <div class=\"diamond\"><\/div>\n                <\/div>\n                    <\/div>\n        <div class=\"s-info__lines el-lines\">\n            <div class=\"el-lines__line\"><\/div>\n            <div class=\"el-lines__line\"><\/div>\n            <div class=\"el-lines__line\"><\/div>\n            <div class=\"el-lines__line\"><\/div>\n            <div class=\"el-lines__line\"><\/div>\n        <\/div>\n    <\/section>\n","protected":false},"excerpt":{"rendered":"","protected":false},"author":1,"featured_media":0,"parent":0,"menu_order":0,"comment_status":"closed","ping_status":"closed","template":"","meta":{"_acf_changed":false,"inline_featured_image":false,"footnotes":""},"class_list":["post-30871","page","type-page","status-publish","hentry"],"acf":[],"yoast_head":"<!-- This site is optimized with the Yoast SEO Premium plugin v27.2 (Yoast SEO v27.2) - https:\/\/yoast.com\/product\/yoast-seo-premium-wordpress\/ -->\n<title>Historia | Quantfury<\/title>\n<meta name=\"description\" content=\"En Quantfury, nuestra historia es de innovaci\u00f3n, transparencia y compromiso con la transformaci\u00f3n del panorama de los mercados financieros.\" \/>\n<meta name=\"robots\" content=\"index, follow, max-snippet:-1, max-image-preview:large, max-video-preview:-1\" \/>\n<link rel=\"canonical\" href=\"https:\/\/quantfury.com\/espanol\/historia\/\" \/>\n<meta property=\"og:locale\" content=\"es_ES\" \/>\n<meta property=\"og:type\" content=\"article\" \/>\n<meta property=\"og:title\" content=\"Historia | Quantfury\" \/>\n<meta property=\"og:description\" content=\"En Quantfury, nuestra historia es de innovaci\u00f3n, transparencia y compromiso con la transformaci\u00f3n del panorama de los mercados financieros.\" \/>\n<meta property=\"og:url\" content=\"https:\/\/quantfury.com\/espanol\/historia\/\" \/>\n<meta property=\"og:site_name\" content=\"Quantfury\" \/>\n<meta property=\"article:modified_time\" content=\"2025-04-21T17:25:45+00:00\" \/>\n<meta property=\"og:image\" content=\"https:\/\/quantfury.com\/wp-content\/uploads\/2025\/04\/Prev-Image-v7.png\" \/>\n\t<meta property=\"og:image:width\" content=\"1200\" \/>\n\t<meta property=\"og:image:height\" content=\"630\" \/>\n\t<meta property=\"og:image:type\" content=\"image\/png\" \/>\n<meta name=\"twitter:card\" content=\"summary_large_image\" \/>\n<meta name=\"twitter:description\" content=\"En Quantfury, nuestra historia es de innovaci\u00f3n, transparencia y compromiso con la transformaci\u00f3n del panorama de los mercados financieros.\" \/>\n<meta name=\"twitter:site\" content=\"@quantfury\" \/>\n<meta name=\"twitter:label1\" content=\"Tiempo de lectura\" \/>\n\t<meta name=\"twitter:data1\" content=\"3 minutos\" \/>\n<script type=\"application\/ld+json\" class=\"yoast-schema-graph\">{\"@context\":\"https:\/\/schema.org\",\"@graph\":[{\"@type\":\"Article\",\"@id\":\"https:\/\/quantfury.com\/espanol\/historia\/#article\",\"isPartOf\":{\"@id\":\"https:\/\/quantfury.com\/espanol\/historia\/\"},\"author\":{\"name\":\"Quantfury\",\"@id\":\"https:\/\/quantfury.com\/#\/schema\/person\/a9f7e8493050fd0144e9482425234990\"},\"headline\":\"Historia\",\"datePublished\":\"2025-03-08T16:15:42+00:00\",\"dateModified\":\"2025-04-21T17:25:45+00:00\",\"mainEntityOfPage\":{\"@id\":\"https:\/\/quantfury.com\/espanol\/historia\/\"},\"wordCount\":1,\"publisher\":{\"@id\":\"https:\/\/quantfury.com\/#organization\"},\"inLanguage\":\"es\"},{\"@type\":\"WebPage\",\"@id\":\"https:\/\/quantfury.com\/espanol\/historia\/\",\"url\":\"https:\/\/quantfury.com\/espanol\/historia\/\",\"name\":\"Historia | Quantfury\",\"isPartOf\":{\"@id\":\"https:\/\/quantfury.com\/#website\"},\"datePublished\":\"2025-03-08T16:15:42+00:00\",\"dateModified\":\"2025-04-21T17:25:45+00:00\",\"description\":\"En Quantfury, nuestra historia es de innovaci\u00f3n, transparencia y compromiso con la transformaci\u00f3n del panorama de los mercados financieros.\",\"breadcrumb\":{\"@id\":\"https:\/\/quantfury.com\/espanol\/historia\/#breadcrumb\"},\"inLanguage\":\"es\",\"potentialAction\":[{\"@type\":\"ReadAction\",\"target\":[\"https:\/\/quantfury.com\/espanol\/historia\/\"]}]},{\"@type\":\"BreadcrumbList\",\"@id\":\"https:\/\/quantfury.com\/espanol\/historia\/#breadcrumb\",\"itemListElement\":[{\"@type\":\"ListItem\",\"position\":1,\"name\":\"Home\",\"item\":\"https:\/\/quantfury.com\/espanol\/\"},{\"@type\":\"ListItem\",\"position\":2,\"name\":\"Historia\"}]},{\"@type\":\"WebSite\",\"@id\":\"https:\/\/quantfury.com\/#website\",\"url\":\"https:\/\/quantfury.com\/\",\"name\":\"Quantfury\",\"description\":\"\",\"publisher\":{\"@id\":\"https:\/\/quantfury.com\/#organization\"},\"potentialAction\":[{\"@type\":\"SearchAction\",\"target\":{\"@type\":\"EntryPoint\",\"urlTemplate\":\"https:\/\/quantfury.com\/?s={search_term_string}\"},\"query-input\":{\"@type\":\"PropertyValueSpecification\",\"valueRequired\":true,\"valueName\":\"search_term_string\"}}],\"inLanguage\":\"es\"},{\"@type\":\"Organization\",\"@id\":\"https:\/\/quantfury.com\/#organization\",\"name\":\"Quantfury\",\"url\":\"https:\/\/quantfury.com\/\",\"logo\":{\"@type\":\"ImageObject\",\"inLanguage\":\"es\",\"@id\":\"https:\/\/quantfury.com\/#\/schema\/logo\/image\/\",\"url\":\"https:\/\/quantfury.com\/wp-content\/uploads\/2021\/04\/logo.svg\",\"contentUrl\":\"https:\/\/quantfury.com\/wp-content\/uploads\/2021\/04\/logo.svg\",\"width\":165,\"height\":36,\"caption\":\"Quantfury\"},\"image\":{\"@id\":\"https:\/\/quantfury.com\/#\/schema\/logo\/image\/\"},\"sameAs\":[\"https:\/\/x.com\/quantfury\",\"https:\/\/instagram.com\/quantfury\",\"https:\/\/www.linkedin.com\/company\/quantfury\/\",\"https:\/\/www.youtube.com\/c\/Quantfury\"]},{\"@type\":\"Person\",\"@id\":\"https:\/\/quantfury.com\/#\/schema\/person\/a9f7e8493050fd0144e9482425234990\",\"name\":\"Quantfury\",\"sameAs\":[\"https:\/\/quantfury.com\"],\"url\":\"https:\/\/quantfury.com\/espanol\/author\/admin\/\"}]}<\/script>\n<!-- \/ Yoast SEO Premium plugin. -->","yoast_head_json":{"title":"Historia | Quantfury","description":"En Quantfury, nuestra historia es de innovaci\u00f3n, transparencia y compromiso con la transformaci\u00f3n del panorama de los mercados financieros.","robots":{"index":"index","follow":"follow","max-snippet":"max-snippet:-1","max-image-preview":"max-image-preview:large","max-video-preview":"max-video-preview:-1"},"canonical":"https:\/\/quantfury.com\/espanol\/historia\/","og_locale":"es_ES","og_type":"article","og_title":"Historia | Quantfury","og_description":"En Quantfury, nuestra historia es de innovaci\u00f3n, transparencia y compromiso con la transformaci\u00f3n del panorama de los mercados financieros.","og_url":"https:\/\/quantfury.com\/espanol\/historia\/","og_site_name":"Quantfury","article_modified_time":"2025-04-21T17:25:45+00:00","og_image":[{"width":1200,"height":630,"url":"https:\/\/quantfury.com\/wp-content\/uploads\/2025\/04\/Prev-Image-v7.png","type":"image\/png"}],"twitter_card":"summary_large_image","twitter_description":"En Quantfury, nuestra historia es de innovaci\u00f3n, transparencia y compromiso con la transformaci\u00f3n del panorama de los mercados financieros.","twitter_site":"@quantfury","twitter_misc":{"Tiempo de lectura":"3 minutos"},"schema":{"@context":"https:\/\/schema.org","@graph":[{"@type":"Article","@id":"https:\/\/quantfury.com\/espanol\/historia\/#article","isPartOf":{"@id":"https:\/\/quantfury.com\/espanol\/historia\/"},"author":{"name":"Quantfury","@id":"https:\/\/quantfury.com\/#\/schema\/person\/a9f7e8493050fd0144e9482425234990"},"headline":"Historia","datePublished":"2025-03-08T16:15:42+00:00","dateModified":"2025-04-21T17:25:45+00:00","mainEntityOfPage":{"@id":"https:\/\/quantfury.com\/espanol\/historia\/"},"wordCount":1,"publisher":{"@id":"https:\/\/quantfury.com\/#organization"},"inLanguage":"es"},{"@type":"WebPage","@id":"https:\/\/quantfury.com\/espanol\/historia\/","url":"https:\/\/quantfury.com\/espanol\/historia\/","name":"Historia | Quantfury","isPartOf":{"@id":"https:\/\/quantfury.com\/#website"},"datePublished":"2025-03-08T16:15:42+00:00","dateModified":"2025-04-21T17:25:45+00:00","description":"En Quantfury, nuestra historia es de innovaci\u00f3n, transparencia y compromiso con la transformaci\u00f3n del panorama de los mercados financieros.","breadcrumb":{"@id":"https:\/\/quantfury.com\/espanol\/historia\/#breadcrumb"},"inLanguage":"es","potentialAction":[{"@type":"ReadAction","target":["https:\/\/quantfury.com\/espanol\/historia\/"]}]},{"@type":"BreadcrumbList","@id":"https:\/\/quantfury.com\/espanol\/historia\/#breadcrumb","itemListElement":[{"@type":"ListItem","position":1,"name":"Home","item":"https:\/\/quantfury.com\/espanol\/"},{"@type":"ListItem","position":2,"name":"Historia"}]},{"@type":"WebSite","@id":"https:\/\/quantfury.com\/#website","url":"https:\/\/quantfury.com\/","name":"Quantfury","description":"","publisher":{"@id":"https:\/\/quantfury.com\/#organization"},"potentialAction":[{"@type":"SearchAction","target":{"@type":"EntryPoint","urlTemplate":"https:\/\/quantfury.com\/?s={search_term_string}"},"query-input":{"@type":"PropertyValueSpecification","valueRequired":true,"valueName":"search_term_string"}}],"inLanguage":"es"},{"@type":"Organization","@id":"https:\/\/quantfury.com\/#organization","name":"Quantfury","url":"https:\/\/quantfury.com\/","logo":{"@type":"ImageObject","inLanguage":"es","@id":"https:\/\/quantfury.com\/#\/schema\/logo\/image\/","url":"https:\/\/quantfury.com\/wp-content\/uploads\/2021\/04\/logo.svg","contentUrl":"https:\/\/quantfury.com\/wp-content\/uploads\/2021\/04\/logo.svg","width":165,"height":36,"caption":"Quantfury"},"image":{"@id":"https:\/\/quantfury.com\/#\/schema\/logo\/image\/"},"sameAs":["https:\/\/x.com\/quantfury","https:\/\/instagram.com\/quantfury","https:\/\/www.linkedin.com\/company\/quantfury\/","https:\/\/www.youtube.com\/c\/Quantfury"]},{"@type":"Person","@id":"https:\/\/quantfury.com\/#\/schema\/person\/a9f7e8493050fd0144e9482425234990","name":"Quantfury","sameAs":["https:\/\/quantfury.com"],"url":"https:\/\/quantfury.com\/espanol\/author\/admin\/"}]}},"_links":{"self":[{"href":"https:\/\/quantfury.com\/espanol\/wp-json\/wp\/v2\/pages\/30871","targetHints":{"allow":["GET"]}}],"collection":[{"href":"https:\/\/quantfury.com\/espanol\/wp-json\/wp\/v2\/pages"}],"about":[{"href":"https:\/\/quantfury.com\/espanol\/wp-json\/wp\/v2\/types\/page"}],"author":[{"embeddable":true,"href":"https:\/\/quantfury.com\/espanol\/wp-json\/wp\/v2\/users\/1"}],"replies":[{"embeddable":true,"href":"https:\/\/quantfury.com\/espanol\/wp-json\/wp\/v2\/comments?post=30871"}],"version-history":[{"count":3,"href":"https:\/\/quantfury.com\/espanol\/wp-json\/wp\/v2\/pages\/30871\/revisions"}],"predecessor-version":[{"id":33093,"href":"https:\/\/quantfury.com\/espanol\/wp-json\/wp\/v2\/pages\/30871\/revisions\/33093"}],"wp:attachment":[{"href":"https:\/\/quantfury.com\/espanol\/wp-json\/wp\/v2\/media?parent=30871"}],"curies":[{"name":"wp","href":"https:\/\/api.w.org\/{rel}","templated":true}]}}