{"id":31099,"date":"2025-03-08T16:09:27","date_gmt":"2025-03-08T16:09:27","guid":{"rendered":"https:\/\/quantfury.com\/kontaktiere-uns\/form\/"},"modified":"2025-03-26T20:09:57","modified_gmt":"2025-03-26T20:09:57","slug":"form","status":"publish","type":"page","link":"https:\/\/quantfury.com\/deutsch\/kontaktiere-uns\/form\/","title":{"rendered":"Contact Us Form"},"content":{"rendered":"\n<div class=\"wp-block-contact-form-7-contact-form-selector\">\n<div class=\"wpcf7 no-js\" id=\"wpcf7-f31097-o1\" lang=\"en-US\" dir=\"ltr\" data-wpcf7-id=\"31097\">\n<div class=\"screen-reader-response\"><p role=\"status\" aria-live=\"polite\" aria-atomic=\"true\"><\/p> <ul><\/ul><\/div>\n<form action=\"\/deutsch\/wp-json\/wp\/v2\/pages\/31099#wpcf7-f31097-o1\" method=\"post\" class=\"wpcf7-form init\" aria-label=\"Contact form\" novalidate=\"novalidate\" data-status=\"init\">\n<fieldset class=\"hidden-fields-container\"><input type=\"hidden\" name=\"_wpcf7\" value=\"31097\" \/><input type=\"hidden\" name=\"_wpcf7_version\" value=\"6.1.5\" \/><input type=\"hidden\" name=\"_wpcf7_locale\" value=\"en_US\" \/><input type=\"hidden\" name=\"_wpcf7_unit_tag\" value=\"wpcf7-f31097-o1\" \/><input type=\"hidden\" name=\"_wpcf7_container_post\" value=\"0\" \/><input type=\"hidden\" name=\"_wpcf7_posted_data_hash\" value=\"\" \/>\n<\/fieldset>\n<p class=\"mail-form\"><br \/>\n<label class=\"width-100\">Raison du contact <span class=\"wpcf7-form-control-wrap\" data-name=\"reason\"><select class=\"wpcf7-form-control wpcf7-select wpcf7-validates-as-required\" aria-required=\"true\" aria-invalid=\"false\" name=\"reason\"><option value=\"Demande g\u00e9n\u00e9rale\">Demande g\u00e9n\u00e9rale<\/option><option value=\"Demande m\u00e9diatique\">Demande m\u00e9diatique<\/option><\/select><\/span><\/label><br \/>\n<label class=\"width-50\">Pr\u00e9nom <span class=\"wpcf7-form-control-wrap\" data-name=\"first-name\"><input size=\"40\" maxlength=\"400\" class=\"wpcf7-form-control wpcf7-text wpcf7-validates-as-required\" autocomplete=\"name\" aria-required=\"true\" aria-invalid=\"false\" value=\"\" type=\"text\" name=\"first-name\" \/><\/span><\/label><br \/>\n<label class=\"width-50\">Nom <span class=\"wpcf7-form-control-wrap\" data-name=\"last-name\"><input size=\"40\" maxlength=\"400\" class=\"wpcf7-form-control wpcf7-text wpcf7-validates-as-required\" aria-required=\"true\" aria-invalid=\"false\" value=\"\" type=\"text\" name=\"last-name\" \/><\/span><\/label><br \/>\n<label class=\"width-50\">Adresse Email <span class=\"wpcf7-form-control-wrap\" data-name=\"email\"><input size=\"40\" maxlength=\"400\" class=\"wpcf7-form-control wpcf7-email wpcf7-validates-as-required wpcf7-text wpcf7-validates-as-email\" aria-required=\"true\" aria-invalid=\"false\" value=\"\" type=\"email\" name=\"email\" \/><\/span><\/label><br \/>\n<label class=\"width-50\"><span>Num\u00e9ro de T\u00e9l\u00e9hone <span class=\"optional\">(optionnel)<\/span><\/span> <span class=\"wpcf7-form-control-wrap\" data-name=\"phone\"><input size=\"40\" maxlength=\"400\" class=\"wpcf7-form-control wpcf7-tel wpcf7-text wpcf7-validates-as-tel\" aria-invalid=\"false\" value=\"\" type=\"tel\" name=\"phone\" \/><\/span><\/label><br \/>\n<label class=\"width-100\"><span>Votre Entreprise <span class=\"optional\">(optionnel)<\/span><\/span> <span class=\"wpcf7-form-control-wrap\" data-name=\"company\"><input size=\"40\" maxlength=\"400\" class=\"wpcf7-form-control wpcf7-text\" aria-invalid=\"false\" value=\"\" type=\"text\" name=\"company\" \/><\/span><\/label><br \/>\n<label class=\"width-100\">Veuillez fournir un message bref avec les d\u00e9tails de votre demande. <span class=\"wpcf7-form-control-wrap\" data-name=\"message\"><textarea cols=\"40\" rows=\"10\" maxlength=\"2000\" class=\"wpcf7-form-control wpcf7-textarea wpcf7-validates-as-required\" aria-required=\"true\" aria-invalid=\"false\" name=\"message\"><\/textarea><\/span><\/label><br \/>\n<div class=\"cf7-cf-turnstile\" style=\"margin-top: 0px; margin-bottom: -15px;\"> <div id=\"cf-turnstile-cf7-1358705392\" class=\"cf-turnstile\" data-callback=\"turnstileCF7Callback\" data-sitekey=\"0x4AAAAAABg4O_Y3wroVcVex\" data-theme=\"light\" data-language=\"auto\" data-size=\"normal\" data-retry=\"auto\" data-retry-interval=\"1000\" data-refresh-expired=\"auto\" data-action=\"contact-form-7\" data-appearance=\"always\"><\/div> <style>.wpcf7-submit { pointer-events: none; opacity: 0.5; }<\/style> <script>document.addEventListener(\"DOMContentLoaded\", function() { setTimeout(function(){ var e=document.getElementById(\"cf-turnstile-cf7-1358705392\"); e&&!e.innerHTML.trim()&&(turnstile.remove(\"#cf-turnstile-cf7-1358705392\"), turnstile.render(\"#cf-turnstile-cf7-1358705392\", {sitekey:\"0x4AAAAAABg4O_Y3wroVcVex\"})); }, 100); });<\/script> <br class=\"cf-turnstile-br cf-turnstile-br-cf7-1358705392\"> <style>#cf-turnstile-cf7-1358705392 { margin-left: -15px; }<\/style> <script>document.addEventListener(\"DOMContentLoaded\",function(){document.querySelectorAll('.wpcf7-form').forEach(function(e){e.addEventListener('submit',function(){if(document.getElementById('cf-turnstile-cf7-1358705392')){setTimeout(function(){turnstile.reset('#cf-turnstile-cf7-1358705392');},1000)}})})});<\/script> <\/div><br \/>\n<button type=\"submit\" class=\"btn btn--with-arrow\">Envoyer<\/button>\n<\/p><p style=\"display: none !important;\" class=\"akismet-fields-container\" data-prefix=\"_wpcf7_ak_\"><label>&#916;<textarea name=\"_wpcf7_ak_hp_textarea\" cols=\"45\" rows=\"8\" maxlength=\"100\"><\/textarea><\/label><input type=\"hidden\" id=\"ak_js_1\" name=\"_wpcf7_ak_js\" value=\"174\"\/><script>document.getElementById( \"ak_js_1\" ).setAttribute( \"value\", ( new Date() ).getTime() );<\/script><\/p><div class=\"wpcf7-response-output\" aria-hidden=\"true\"><\/div>\n<\/form>\n<\/div>\n<\/div>\n\n\n\n<p><\/p>\n","protected":false},"excerpt":{"rendered":"","protected":false},"author":1,"featured_media":0,"parent":31083,"menu_order":0,"comment_status":"closed","ping_status":"closed","template":"page-templates\/contact-us-form.php","meta":{"_acf_changed":false,"inline_featured_image":false,"footnotes":""},"class_list":["post-31099","page","type-page","status-publish","hentry"],"acf":[],"yoast_head":"<!-- This site is optimized with the Yoast SEO Premium plugin v27.2 (Yoast SEO v27.2) - https:\/\/yoast.com\/product\/yoast-seo-premium-wordpress\/ -->\n<title>Contact Us Form | Quantfury<\/title>\n<meta name=\"robots\" content=\"index, follow, max-snippet:-1, max-image-preview:large, max-video-preview:-1\" \/>\n<link rel=\"canonical\" href=\"https:\/\/quantfury.com\/deutsch\/kontaktiere-uns\/form\/\" \/>\n<meta property=\"og:locale\" content=\"de_DE\" \/>\n<meta property=\"og:type\" content=\"article\" \/>\n<meta property=\"og:title\" content=\"Contact Us Form | Quantfury\" \/>\n<meta property=\"og:url\" content=\"https:\/\/quantfury.com\/deutsch\/kontaktiere-uns\/form\/\" \/>\n<meta property=\"og:site_name\" content=\"Quantfury\" \/>\n<meta property=\"article:modified_time\" content=\"2025-03-26T20:09:57+00:00\" \/>\n<meta property=\"og:image\" content=\"https:\/\/quantfury.com\/wp-content\/uploads\/2025\/04\/Prev-Image-v7.png\" \/>\n\t<meta property=\"og:image:width\" content=\"1200\" \/>\n\t<meta property=\"og:image:height\" content=\"630\" \/>\n\t<meta property=\"og:image:type\" content=\"image\/png\" \/>\n<meta name=\"twitter:card\" content=\"summary_large_image\" \/>\n<meta name=\"twitter:site\" content=\"@quantfury\" \/>\n<meta name=\"twitter:label1\" content=\"Gesch\u00e4tzte Lesezeit\" \/>\n\t<meta name=\"twitter:data1\" content=\"1\u00a0Minute\" \/>\n<script type=\"application\/ld+json\" class=\"yoast-schema-graph\">{\"@context\":\"https:\/\/schema.org\",\"@graph\":[{\"@type\":\"Article\",\"@id\":\"https:\/\/quantfury.com\/deutsch\/kontaktiere-uns\/form\/#article\",\"isPartOf\":{\"@id\":\"https:\/\/quantfury.com\/deutsch\/kontaktiere-uns\/form\/\"},\"author\":{\"name\":\"Quantfury\",\"@id\":\"https:\/\/quantfury.com\/#\/schema\/person\/a9f7e8493050fd0144e9482425234990\"},\"headline\":\"Contact Us Form\",\"datePublished\":\"2025-03-08T16:09:27+00:00\",\"dateModified\":\"2025-03-26T20:09:57+00:00\",\"mainEntityOfPage\":{\"@id\":\"https:\/\/quantfury.com\/deutsch\/kontaktiere-uns\/form\/\"},\"wordCount\":11,\"publisher\":{\"@id\":\"https:\/\/quantfury.com\/#organization\"},\"inLanguage\":\"de\"},{\"@type\":\"WebPage\",\"@id\":\"https:\/\/quantfury.com\/deutsch\/kontaktiere-uns\/form\/\",\"url\":\"https:\/\/quantfury.com\/deutsch\/kontaktiere-uns\/form\/\",\"name\":\"Contact Us Form | Quantfury\",\"isPartOf\":{\"@id\":\"https:\/\/quantfury.com\/#website\"},\"datePublished\":\"2025-03-08T16:09:27+00:00\",\"dateModified\":\"2025-03-26T20:09:57+00:00\",\"breadcrumb\":{\"@id\":\"https:\/\/quantfury.com\/deutsch\/kontaktiere-uns\/form\/#breadcrumb\"},\"inLanguage\":\"de\",\"potentialAction\":[{\"@type\":\"ReadAction\",\"target\":[\"https:\/\/quantfury.com\/deutsch\/kontaktiere-uns\/form\/\"]}]},{\"@type\":\"BreadcrumbList\",\"@id\":\"https:\/\/quantfury.com\/deutsch\/kontaktiere-uns\/form\/#breadcrumb\",\"itemListElement\":[{\"@type\":\"ListItem\",\"position\":1,\"name\":\"Home\",\"item\":\"https:\/\/quantfury.com\/deutsch\/\"},{\"@type\":\"ListItem\",\"position\":2,\"name\":\"Kontaktiere uns\",\"item\":\"https:\/\/quantfury.com\/deutsch\/kontaktiere-uns\/\"},{\"@type\":\"ListItem\",\"position\":3,\"name\":\"Contact Us Form\"}]},{\"@type\":\"WebSite\",\"@id\":\"https:\/\/quantfury.com\/#website\",\"url\":\"https:\/\/quantfury.com\/\",\"name\":\"Quantfury\",\"description\":\"\",\"publisher\":{\"@id\":\"https:\/\/quantfury.com\/#organization\"},\"potentialAction\":[{\"@type\":\"SearchAction\",\"target\":{\"@type\":\"EntryPoint\",\"urlTemplate\":\"https:\/\/quantfury.com\/?s={search_term_string}\"},\"query-input\":{\"@type\":\"PropertyValueSpecification\",\"valueRequired\":true,\"valueName\":\"search_term_string\"}}],\"inLanguage\":\"de\"},{\"@type\":\"Organization\",\"@id\":\"https:\/\/quantfury.com\/#organization\",\"name\":\"Quantfury\",\"url\":\"https:\/\/quantfury.com\/\",\"logo\":{\"@type\":\"ImageObject\",\"inLanguage\":\"de\",\"@id\":\"https:\/\/quantfury.com\/#\/schema\/logo\/image\/\",\"url\":\"https:\/\/quantfury.com\/wp-content\/uploads\/2021\/04\/logo.svg\",\"contentUrl\":\"https:\/\/quantfury.com\/wp-content\/uploads\/2021\/04\/logo.svg\",\"width\":165,\"height\":36,\"caption\":\"Quantfury\"},\"image\":{\"@id\":\"https:\/\/quantfury.com\/#\/schema\/logo\/image\/\"},\"sameAs\":[\"https:\/\/x.com\/quantfury\",\"https:\/\/instagram.com\/quantfury\",\"https:\/\/www.linkedin.com\/company\/quantfury\/\",\"https:\/\/www.youtube.com\/c\/Quantfury\"]},{\"@type\":\"Person\",\"@id\":\"https:\/\/quantfury.com\/#\/schema\/person\/a9f7e8493050fd0144e9482425234990\",\"name\":\"Quantfury\",\"sameAs\":[\"https:\/\/quantfury.com\"],\"url\":\"https:\/\/quantfury.com\/deutsch\/author\/admin\/\"}]}<\/script>\n<!-- \/ Yoast SEO Premium plugin. -->","yoast_head_json":{"title":"Contact Us Form | Quantfury","robots":{"index":"index","follow":"follow","max-snippet":"max-snippet:-1","max-image-preview":"max-image-preview:large","max-video-preview":"max-video-preview:-1"},"canonical":"https:\/\/quantfury.com\/deutsch\/kontaktiere-uns\/form\/","og_locale":"de_DE","og_type":"article","og_title":"Contact Us Form | Quantfury","og_url":"https:\/\/quantfury.com\/deutsch\/kontaktiere-uns\/form\/","og_site_name":"Quantfury","article_modified_time":"2025-03-26T20:09:57+00:00","og_image":[{"width":1200,"height":630,"url":"https:\/\/quantfury.com\/wp-content\/uploads\/2025\/04\/Prev-Image-v7.png","type":"image\/png"}],"twitter_card":"summary_large_image","twitter_site":"@quantfury","twitter_misc":{"Gesch\u00e4tzte Lesezeit":"1\u00a0Minute"},"schema":{"@context":"https:\/\/schema.org","@graph":[{"@type":"Article","@id":"https:\/\/quantfury.com\/deutsch\/kontaktiere-uns\/form\/#article","isPartOf":{"@id":"https:\/\/quantfury.com\/deutsch\/kontaktiere-uns\/form\/"},"author":{"name":"Quantfury","@id":"https:\/\/quantfury.com\/#\/schema\/person\/a9f7e8493050fd0144e9482425234990"},"headline":"Contact Us Form","datePublished":"2025-03-08T16:09:27+00:00","dateModified":"2025-03-26T20:09:57+00:00","mainEntityOfPage":{"@id":"https:\/\/quantfury.com\/deutsch\/kontaktiere-uns\/form\/"},"wordCount":11,"publisher":{"@id":"https:\/\/quantfury.com\/#organization"},"inLanguage":"de"},{"@type":"WebPage","@id":"https:\/\/quantfury.com\/deutsch\/kontaktiere-uns\/form\/","url":"https:\/\/quantfury.com\/deutsch\/kontaktiere-uns\/form\/","name":"Contact Us Form | Quantfury","isPartOf":{"@id":"https:\/\/quantfury.com\/#website"},"datePublished":"2025-03-08T16:09:27+00:00","dateModified":"2025-03-26T20:09:57+00:00","breadcrumb":{"@id":"https:\/\/quantfury.com\/deutsch\/kontaktiere-uns\/form\/#breadcrumb"},"inLanguage":"de","potentialAction":[{"@type":"ReadAction","target":["https:\/\/quantfury.com\/deutsch\/kontaktiere-uns\/form\/"]}]},{"@type":"BreadcrumbList","@id":"https:\/\/quantfury.com\/deutsch\/kontaktiere-uns\/form\/#breadcrumb","itemListElement":[{"@type":"ListItem","position":1,"name":"Home","item":"https:\/\/quantfury.com\/deutsch\/"},{"@type":"ListItem","position":2,"name":"Kontaktiere uns","item":"https:\/\/quantfury.com\/deutsch\/kontaktiere-uns\/"},{"@type":"ListItem","position":3,"name":"Contact Us Form"}]},{"@type":"WebSite","@id":"https:\/\/quantfury.com\/#website","url":"https:\/\/quantfury.com\/","name":"Quantfury","description":"","publisher":{"@id":"https:\/\/quantfury.com\/#organization"},"potentialAction":[{"@type":"SearchAction","target":{"@type":"EntryPoint","urlTemplate":"https:\/\/quantfury.com\/?s={search_term_string}"},"query-input":{"@type":"PropertyValueSpecification","valueRequired":true,"valueName":"search_term_string"}}],"inLanguage":"de"},{"@type":"Organization","@id":"https:\/\/quantfury.com\/#organization","name":"Quantfury","url":"https:\/\/quantfury.com\/","logo":{"@type":"ImageObject","inLanguage":"de","@id":"https:\/\/quantfury.com\/#\/schema\/logo\/image\/","url":"https:\/\/quantfury.com\/wp-content\/uploads\/2021\/04\/logo.svg","contentUrl":"https:\/\/quantfury.com\/wp-content\/uploads\/2021\/04\/logo.svg","width":165,"height":36,"caption":"Quantfury"},"image":{"@id":"https:\/\/quantfury.com\/#\/schema\/logo\/image\/"},"sameAs":["https:\/\/x.com\/quantfury","https:\/\/instagram.com\/quantfury","https:\/\/www.linkedin.com\/company\/quantfury\/","https:\/\/www.youtube.com\/c\/Quantfury"]},{"@type":"Person","@id":"https:\/\/quantfury.com\/#\/schema\/person\/a9f7e8493050fd0144e9482425234990","name":"Quantfury","sameAs":["https:\/\/quantfury.com"],"url":"https:\/\/quantfury.com\/deutsch\/author\/admin\/"}]}},"_links":{"self":[{"href":"https:\/\/quantfury.com\/deutsch\/wp-json\/wp\/v2\/pages\/31099","targetHints":{"allow":["GET"]}}],"collection":[{"href":"https:\/\/quantfury.com\/deutsch\/wp-json\/wp\/v2\/pages"}],"about":[{"href":"https:\/\/quantfury.com\/deutsch\/wp-json\/wp\/v2\/types\/page"}],"author":[{"embeddable":true,"href":"https:\/\/quantfury.com\/deutsch\/wp-json\/wp\/v2\/users\/1"}],"replies":[{"embeddable":true,"href":"https:\/\/quantfury.com\/deutsch\/wp-json\/wp\/v2\/comments?post=31099"}],"version-history":[{"count":2,"href":"https:\/\/quantfury.com\/deutsch\/wp-json\/wp\/v2\/pages\/31099\/revisions"}],"predecessor-version":[{"id":32482,"href":"https:\/\/quantfury.com\/deutsch\/wp-json\/wp\/v2\/pages\/31099\/revisions\/32482"}],"up":[{"embeddable":true,"href":"https:\/\/quantfury.com\/deutsch\/wp-json\/wp\/v2\/pages\/31083"}],"wp:attachment":[{"href":"https:\/\/quantfury.com\/deutsch\/wp-json\/wp\/v2\/media?parent=31099"}],"curies":[{"name":"wp","href":"https:\/\/api.w.org\/{rel}","templated":true}]}}