{"id":30889,"date":"2025-03-08T16:15:58","date_gmt":"2025-03-08T16:15:58","guid":{"rendered":"https:\/\/quantfury.com\/licenses\/"},"modified":"2026-04-05T15:36:55","modified_gmt":"2026-04-05T15:36:55","slug":"lizenzen","status":"publish","type":"page","link":"https:\/\/quantfury.com\/deutsch\/lizenzen\/","title":{"rendered":"Lizenzen"},"content":{"rendered":"<section\n        class=\"s-intro  content-default    right  \">\n            <div class=\"s-intro__picture\">\n                <img loading=\"lazy\" decoding=\"async\" class=\"s-intro__img right el-image\" src=\"https:\/\/quantfury.com\/wp-content\/uploads\/2025\/03\/i-Licenses.svg\" alt=\"\"  width=\"1\" height=\"1\">\n        <\/div>\n            <div class=\"s-intro__container\">\n                    <h1 class=\"s-intro__title\">\n                Lizenzen\n            <\/h1>\n        \n                    <div class=\"s-intro__description\">\n                Quantfury Broker regulatorische Informationen.\n            <\/div>\n        \n        \n                        <div class=\"s-intro__divider el-divider el-divider--colorfully\">\n            <div class=\"diamond\"><\/div>\n            <div class=\"diamond\"><\/div>\n        <\/div>\n    <\/div>\n    <div class=\"el-lines\">\n        <div class=\"el-lines__line\"><\/div>\n        <div class=\"el-lines__line\"><\/div>\n        <div class=\"el-lines__line\"><\/div>\n        <div class=\"el-lines__line\"><\/div>\n        <div class=\"el-lines__line\"><\/div>\n    <\/div>\n<\/section>\n\n    <section class=\"s-license-list\">\n        <div class=\"s-license-list__container\">\n            <div class=\"s-license-list__items\">\n                                    <div class=\"s-license-list__item\">\n                        <h2 class=\"s-license-list__title\">Vereinigtes K\u00f6nigreich<\/h2>\n                        <div class=\"s-license-list__text\">\n                            <p>Quantfury Trading UK Limited ist von der Financial Conduct Authority des Vereinigten K\u00f6nigreichs unter der FCA-Nummer 577611 zugelassen und ein autorisiertes Zahlungsinstitut. Quantfury Trading UK Limited ist in England &amp; Wales unter der Nummer 04977383 beim Companies House eingetragen. Eingetragener Firmensitz: 1 Bolton Street, Floor 4, London W1J 8HY.<\/p>\n\n                        <\/div>\n                    <\/div>\n                    <div class=\"s-license-list__divider el-divider el-divider--secondary\">\n                        <div class=\"diamond\"><\/div>\n                        <div class=\"diamond\"><\/div>\n                    <\/div>\n                                    <div class=\"s-license-list__item\">\n                        <h2 class=\"s-license-list__title\">Die Bahamas<\/h2>\n                        <div class=\"s-license-list__text\">\n                            <p>Quantfury ist durch die Securities Commission of The Bahamas zugelassen und reguliert. SBA-H\u00e4ndlerlizenznummer SIA-F204. Quantfury ist durch die Securities Commission of The Bahamas als Verwahrer digitaler Verm\u00f6genswerte unter der Lizenznummer des Wallet-Anbieters FCSPA NO. F-034 zugelassen. Eingetragener Firmensitz 4th Floor, Lyford Cay House, Western Rd, Nassau, Bahamas.<\/p>\n\n                        <\/div>\n                    <\/div>\n                    <div class=\"s-license-list__divider el-divider \">\n                        <div class=\"diamond\"><\/div>\n                        <div class=\"diamond\"><\/div>\n                    <\/div>\n                                    <div class=\"s-license-list__item\">\n                        <h2 class=\"s-license-list__title\">Vereinigte Staaten<\/h2>\n                        <div class=\"s-license-list__text\">\n                            <p class=\"p1\">Quantfury Trading USA LLC ist ein bei der SEC und FINRA registrierter Broker-Dealer, CRD#: 318437\/SEC#: 8-70934 (Mitglied der <a href=\"https:\/\/www.sipc.org\/\">SIPC<\/a>). Kryptow\u00e4hrungsdienstleistungen werden \u00fcber Quantfury USA Crypto Inc. angeboten, MSB-Nummer: 31000324638342.<\/p>\n\n                        <\/div>\n                    <\/div>\n                    <div class=\"s-license-list__divider el-divider el-divider--secondary\">\n                        <div class=\"diamond\"><\/div>\n                        <div class=\"diamond\"><\/div>\n                    <\/div>\n                                    <div class=\"s-license-list__item\">\n                        <h2 class=\"s-license-list__title\">Kolumbien<\/h2>\n                        <div class=\"s-license-list__text\">\n                            <p>Quantfury Trading Limited ist von der Financial Superintendence of Colombia (SFC) gem\u00e4\u00df Resolution 2287 von 2024 als Repr\u00e4sentanz autorisiert, seine Produkte und Dienstleistungen auf den Wertpapierm\u00e4rkten im Ausland aktiv zu bewerben und zu vermarkten, und zwar f\u00fcr kolumbianische Einwohner und Investoren jeglicher Art. Die Repr\u00e4sentanz von Quantfury Trading Limited wird von der Financial Superintendence of Colombia (SFC) gem\u00e4\u00df ihren Regulierungsstandards und -praktiken beaufsichtigt.<\/p>\n\n                        <\/div>\n                    <\/div>\n                    <div class=\"s-license-list__divider el-divider \">\n                        <div class=\"diamond\"><\/div>\n                        <div class=\"diamond\"><\/div>\n                    <\/div>\n                            <\/div>\n        <\/div>\n        <div class=\"el-lines\">\n            <div class=\"el-lines__line\"><\/div>\n            <div class=\"el-lines__line\"><\/div>\n            <div class=\"el-lines__line\"><\/div>\n            <div class=\"el-lines__line\"><\/div>\n            <div class=\"el-lines__line\"><\/div>\n        <\/div>\n    <\/section>\n","protected":false},"excerpt":{"rendered":"","protected":false},"author":1,"featured_media":0,"parent":0,"menu_order":0,"comment_status":"closed","ping_status":"closed","template":"","meta":{"_acf_changed":false,"inline_featured_image":false,"footnotes":""},"class_list":["post-30889","page","type-page","status-publish","hentry"],"acf":[],"yoast_head":"<!-- This site is optimized with the Yoast SEO Premium plugin v27.2 (Yoast SEO v27.2) - https:\/\/yoast.com\/product\/yoast-seo-premium-wordpress\/ -->\n<title>Lizenzen | Quantfury<\/title>\n<meta name=\"description\" content=\"Quantfury Broker regulatorische Informationen.\" \/>\n<meta name=\"robots\" content=\"index, follow, max-snippet:-1, max-image-preview:large, max-video-preview:-1\" \/>\n<link rel=\"canonical\" href=\"https:\/\/quantfury.com\/deutsch\/lizenzen\/\" \/>\n<meta property=\"og:locale\" content=\"de_DE\" \/>\n<meta property=\"og:type\" content=\"article\" \/>\n<meta property=\"og:title\" content=\"Lizenzen | Quantfury\" \/>\n<meta property=\"og:description\" content=\"Quantfury Broker regulatorische Informationen.\" \/>\n<meta property=\"og:url\" content=\"https:\/\/quantfury.com\/deutsch\/lizenzen\/\" \/>\n<meta property=\"og:site_name\" content=\"Quantfury\" \/>\n<meta property=\"article:modified_time\" content=\"2026-04-05T15:36:55+00:00\" \/>\n<meta property=\"og:image\" content=\"https:\/\/quantfury.com\/wp-content\/uploads\/2025\/04\/Prev-Image-v7.png\" \/>\n\t<meta property=\"og:image:width\" content=\"1200\" \/>\n\t<meta property=\"og:image:height\" content=\"630\" \/>\n\t<meta property=\"og:image:type\" content=\"image\/png\" \/>\n<meta name=\"twitter:card\" content=\"summary_large_image\" \/>\n<meta name=\"twitter:description\" content=\"Quantfury Broker regulatorische Informationen.\" \/>\n<meta name=\"twitter:site\" content=\"@quantfury\" \/>\n<meta name=\"twitter:label1\" content=\"Gesch\u00e4tzte Lesezeit\" \/>\n\t<meta name=\"twitter:data1\" content=\"2\u00a0Minuten\" \/>\n<script type=\"application\/ld+json\" class=\"yoast-schema-graph\">{\"@context\":\"https:\/\/schema.org\",\"@graph\":[{\"@type\":\"Article\",\"@id\":\"https:\/\/quantfury.com\/deutsch\/lizenzen\/#article\",\"isPartOf\":{\"@id\":\"https:\/\/quantfury.com\/deutsch\/lizenzen\/\"},\"author\":{\"name\":\"Quantfury\",\"@id\":\"https:\/\/quantfury.com\/#\/schema\/person\/a9f7e8493050fd0144e9482425234990\"},\"headline\":\"Lizenzen\",\"datePublished\":\"2025-03-08T16:15:58+00:00\",\"dateModified\":\"2026-04-05T15:36:55+00:00\",\"mainEntityOfPage\":{\"@id\":\"https:\/\/quantfury.com\/deutsch\/lizenzen\/\"},\"wordCount\":1,\"publisher\":{\"@id\":\"https:\/\/quantfury.com\/#organization\"},\"inLanguage\":\"de\"},{\"@type\":\"WebPage\",\"@id\":\"https:\/\/quantfury.com\/deutsch\/lizenzen\/\",\"url\":\"https:\/\/quantfury.com\/deutsch\/lizenzen\/\",\"name\":\"Lizenzen | Quantfury\",\"isPartOf\":{\"@id\":\"https:\/\/quantfury.com\/#website\"},\"datePublished\":\"2025-03-08T16:15:58+00:00\",\"dateModified\":\"2026-04-05T15:36:55+00:00\",\"description\":\"Quantfury Broker regulatorische Informationen.\",\"breadcrumb\":{\"@id\":\"https:\/\/quantfury.com\/deutsch\/lizenzen\/#breadcrumb\"},\"inLanguage\":\"de\",\"potentialAction\":[{\"@type\":\"ReadAction\",\"target\":[\"https:\/\/quantfury.com\/deutsch\/lizenzen\/\"]}]},{\"@type\":\"BreadcrumbList\",\"@id\":\"https:\/\/quantfury.com\/deutsch\/lizenzen\/#breadcrumb\",\"itemListElement\":[{\"@type\":\"ListItem\",\"position\":1,\"name\":\"Home\",\"item\":\"https:\/\/quantfury.com\/deutsch\/\"},{\"@type\":\"ListItem\",\"position\":2,\"name\":\"Lizenzen\"}]},{\"@type\":\"WebSite\",\"@id\":\"https:\/\/quantfury.com\/#website\",\"url\":\"https:\/\/quantfury.com\/\",\"name\":\"Quantfury\",\"description\":\"\",\"publisher\":{\"@id\":\"https:\/\/quantfury.com\/#organization\"},\"potentialAction\":[{\"@type\":\"SearchAction\",\"target\":{\"@type\":\"EntryPoint\",\"urlTemplate\":\"https:\/\/quantfury.com\/?s={search_term_string}\"},\"query-input\":{\"@type\":\"PropertyValueSpecification\",\"valueRequired\":true,\"valueName\":\"search_term_string\"}}],\"inLanguage\":\"de\"},{\"@type\":\"Organization\",\"@id\":\"https:\/\/quantfury.com\/#organization\",\"name\":\"Quantfury\",\"url\":\"https:\/\/quantfury.com\/\",\"logo\":{\"@type\":\"ImageObject\",\"inLanguage\":\"de\",\"@id\":\"https:\/\/quantfury.com\/#\/schema\/logo\/image\/\",\"url\":\"https:\/\/quantfury.com\/wp-content\/uploads\/2021\/04\/logo.svg\",\"contentUrl\":\"https:\/\/quantfury.com\/wp-content\/uploads\/2021\/04\/logo.svg\",\"width\":165,\"height\":36,\"caption\":\"Quantfury\"},\"image\":{\"@id\":\"https:\/\/quantfury.com\/#\/schema\/logo\/image\/\"},\"sameAs\":[\"https:\/\/x.com\/quantfury\",\"https:\/\/instagram.com\/quantfury\",\"https:\/\/www.linkedin.com\/company\/quantfury\/\",\"https:\/\/www.youtube.com\/c\/Quantfury\"]},{\"@type\":\"Person\",\"@id\":\"https:\/\/quantfury.com\/#\/schema\/person\/a9f7e8493050fd0144e9482425234990\",\"name\":\"Quantfury\",\"sameAs\":[\"https:\/\/quantfury.com\"],\"url\":\"https:\/\/quantfury.com\/deutsch\/author\/admin\/\"}]}<\/script>\n<!-- \/ Yoast SEO Premium plugin. -->","yoast_head_json":{"title":"Lizenzen | Quantfury","description":"Quantfury Broker regulatorische Informationen.","robots":{"index":"index","follow":"follow","max-snippet":"max-snippet:-1","max-image-preview":"max-image-preview:large","max-video-preview":"max-video-preview:-1"},"canonical":"https:\/\/quantfury.com\/deutsch\/lizenzen\/","og_locale":"de_DE","og_type":"article","og_title":"Lizenzen | Quantfury","og_description":"Quantfury Broker regulatorische Informationen.","og_url":"https:\/\/quantfury.com\/deutsch\/lizenzen\/","og_site_name":"Quantfury","article_modified_time":"2026-04-05T15:36:55+00:00","og_image":[{"width":1200,"height":630,"url":"https:\/\/quantfury.com\/wp-content\/uploads\/2025\/04\/Prev-Image-v7.png","type":"image\/png"}],"twitter_card":"summary_large_image","twitter_description":"Quantfury Broker regulatorische Informationen.","twitter_site":"@quantfury","twitter_misc":{"Gesch\u00e4tzte Lesezeit":"2\u00a0Minuten"},"schema":{"@context":"https:\/\/schema.org","@graph":[{"@type":"Article","@id":"https:\/\/quantfury.com\/deutsch\/lizenzen\/#article","isPartOf":{"@id":"https:\/\/quantfury.com\/deutsch\/lizenzen\/"},"author":{"name":"Quantfury","@id":"https:\/\/quantfury.com\/#\/schema\/person\/a9f7e8493050fd0144e9482425234990"},"headline":"Lizenzen","datePublished":"2025-03-08T16:15:58+00:00","dateModified":"2026-04-05T15:36:55+00:00","mainEntityOfPage":{"@id":"https:\/\/quantfury.com\/deutsch\/lizenzen\/"},"wordCount":1,"publisher":{"@id":"https:\/\/quantfury.com\/#organization"},"inLanguage":"de"},{"@type":"WebPage","@id":"https:\/\/quantfury.com\/deutsch\/lizenzen\/","url":"https:\/\/quantfury.com\/deutsch\/lizenzen\/","name":"Lizenzen | Quantfury","isPartOf":{"@id":"https:\/\/quantfury.com\/#website"},"datePublished":"2025-03-08T16:15:58+00:00","dateModified":"2026-04-05T15:36:55+00:00","description":"Quantfury Broker regulatorische Informationen.","breadcrumb":{"@id":"https:\/\/quantfury.com\/deutsch\/lizenzen\/#breadcrumb"},"inLanguage":"de","potentialAction":[{"@type":"ReadAction","target":["https:\/\/quantfury.com\/deutsch\/lizenzen\/"]}]},{"@type":"BreadcrumbList","@id":"https:\/\/quantfury.com\/deutsch\/lizenzen\/#breadcrumb","itemListElement":[{"@type":"ListItem","position":1,"name":"Home","item":"https:\/\/quantfury.com\/deutsch\/"},{"@type":"ListItem","position":2,"name":"Lizenzen"}]},{"@type":"WebSite","@id":"https:\/\/quantfury.com\/#website","url":"https:\/\/quantfury.com\/","name":"Quantfury","description":"","publisher":{"@id":"https:\/\/quantfury.com\/#organization"},"potentialAction":[{"@type":"SearchAction","target":{"@type":"EntryPoint","urlTemplate":"https:\/\/quantfury.com\/?s={search_term_string}"},"query-input":{"@type":"PropertyValueSpecification","valueRequired":true,"valueName":"search_term_string"}}],"inLanguage":"de"},{"@type":"Organization","@id":"https:\/\/quantfury.com\/#organization","name":"Quantfury","url":"https:\/\/quantfury.com\/","logo":{"@type":"ImageObject","inLanguage":"de","@id":"https:\/\/quantfury.com\/#\/schema\/logo\/image\/","url":"https:\/\/quantfury.com\/wp-content\/uploads\/2021\/04\/logo.svg","contentUrl":"https:\/\/quantfury.com\/wp-content\/uploads\/2021\/04\/logo.svg","width":165,"height":36,"caption":"Quantfury"},"image":{"@id":"https:\/\/quantfury.com\/#\/schema\/logo\/image\/"},"sameAs":["https:\/\/x.com\/quantfury","https:\/\/instagram.com\/quantfury","https:\/\/www.linkedin.com\/company\/quantfury\/","https:\/\/www.youtube.com\/c\/Quantfury"]},{"@type":"Person","@id":"https:\/\/quantfury.com\/#\/schema\/person\/a9f7e8493050fd0144e9482425234990","name":"Quantfury","sameAs":["https:\/\/quantfury.com"],"url":"https:\/\/quantfury.com\/deutsch\/author\/admin\/"}]}},"_links":{"self":[{"href":"https:\/\/quantfury.com\/deutsch\/wp-json\/wp\/v2\/pages\/30889","targetHints":{"allow":["GET"]}}],"collection":[{"href":"https:\/\/quantfury.com\/deutsch\/wp-json\/wp\/v2\/pages"}],"about":[{"href":"https:\/\/quantfury.com\/deutsch\/wp-json\/wp\/v2\/types\/page"}],"author":[{"embeddable":true,"href":"https:\/\/quantfury.com\/deutsch\/wp-json\/wp\/v2\/users\/1"}],"replies":[{"embeddable":true,"href":"https:\/\/quantfury.com\/deutsch\/wp-json\/wp\/v2\/comments?post=30889"}],"version-history":[{"count":5,"href":"https:\/\/quantfury.com\/deutsch\/wp-json\/wp\/v2\/pages\/30889\/revisions"}],"predecessor-version":[{"id":39281,"href":"https:\/\/quantfury.com\/deutsch\/wp-json\/wp\/v2\/pages\/30889\/revisions\/39281"}],"wp:attachment":[{"href":"https:\/\/quantfury.com\/deutsch\/wp-json\/wp\/v2\/media?parent=30889"}],"curies":[{"name":"wp","href":"https:\/\/api.w.org\/{rel}","templated":true}]}}