{"id":30869,"date":"2025-03-08T16:15:42","date_gmt":"2025-03-08T16:15:42","guid":{"rendered":"https:\/\/quantfury.com\/history\/"},"modified":"2025-04-21T17:25:08","modified_gmt":"2025-04-21T17:25:08","slug":"geschichte","status":"publish","type":"page","link":"https:\/\/quantfury.com\/deutsch\/geschichte\/","title":{"rendered":"Geschichte"},"content":{"rendered":"<section\n        class=\"s-intro  content-default    right  \">\n            <div class=\"s-intro__picture\">\n                <img loading=\"lazy\" decoding=\"async\" class=\"s-intro__img right el-image\" src=\"https:\/\/quantfury.com\/wp-content\/uploads\/2025\/03\/i-History.svg\" alt=\"\"  width=\"1\" height=\"1\">\n        <\/div>\n            <div class=\"s-intro__container\">\n                    <h1 class=\"s-intro__title\">\n                Geschichte\n            <\/h1>\n        \n                    <div class=\"s-intro__description\">\n                Eine Revolutionierung des weltweiten Retail-Handels durch Kosteneffizienz, Fairness und Transparenz seit 2017.\n            <\/div>\n        \n        \n                        <div class=\"s-intro__divider el-divider el-divider--colorfully\">\n            <div class=\"diamond\"><\/div>\n            <div class=\"diamond\"><\/div>\n        <\/div>\n    <\/div>\n    <div class=\"el-lines\">\n        <div class=\"el-lines__line\"><\/div>\n        <div class=\"el-lines__line\"><\/div>\n        <div class=\"el-lines__line\"><\/div>\n        <div class=\"el-lines__line\"><\/div>\n        <div class=\"el-lines__line\"><\/div>\n    <\/div>\n<\/section>\n\n    <section class=\"s-info  padding-top-lg  history-info \"\n             style=\"\">\n                <div class=\"s-info__container\">\n                        <div class=\"s-info__content-box  content-alignment-start   content-direction-column \">\n                                                    <div class=\"s-info__content left   padding-none   text \"\n                         style=\" \">\n                         <h2 class=\"s-info__title\">Eine Reise des unvergleichlichen Handelns und Investierens<\/h2>                         <div class=\"s-info__text\">\n                            <p><span data-sheets-root=\"1\">Bei Quantfury ist unsere Geschichte eine von Innovation, Transparenz und dem Engagement, die Handelslandschaft der Finanzm\u00e4rkte zu revolutionieren. Quantfury wurde 2017 von Lev Mazur zusammen mit einem Team erfahrener, quantitativer H\u00e4ndler und Fintech-Veteranen gegr\u00fcndet und entstand aus dem Wunsch heraus, den in der globalen Retail-Broker-Branche vorherrschenden ausbeuterischen Praktiken entgegenzuwirken.<\/span><\/p>\n\n                        <\/div>\n                    <\/div>\n                                                    <div class=\"s-info__content right   padding-none   text \"\n                         style=\" \">\n                                                <div class=\"s-info__text\">\n                            <p><img loading=\"lazy\" decoding=\"async\" class=\"alignnone size-full wp-image-30711\" src=\"https:\/\/quantfury.com\/wp-content\/uploads\/2025\/03\/History-8-1.jpg\" alt=\"\" width=\"2400\" height=\"960\" \/><\/p>\n\n                        <\/div>\n                    <\/div>\n                            <\/div>\n                    <\/div>\n        <div class=\"s-info__lines el-lines\">\n            <div class=\"el-lines__line\"><\/div>\n            <div class=\"el-lines__line\"><\/div>\n            <div class=\"el-lines__line\"><\/div>\n            <div class=\"el-lines__line\"><\/div>\n            <div class=\"el-lines__line\"><\/div>\n        <\/div>\n    <\/section>\n\n\n    <section class=\"s-info padding-bottom-md padding-top-lg  history-info-text \"\n             style=\"\">\n                <div class=\"s-info__container\">\n                            <div class=\"s-info__divider s-info__divider--top el-divider \">\n                    <div class=\"diamond\"><\/div>\n                    <div class=\"diamond\"><\/div>\n                <\/div>\n                        <div class=\"s-info__content-box  content-alignment-start   content-direction-row \">\n                                                    <div class=\"s-info__content left   padding-none   text \"\n                         style=\" \">\n                         <h2 class=\"s-info__title\">Die Entstehung<\/h2>                         <div class=\"s-info__text\">\n                            <p><span data-sheets-root=\"1\">Unser Gr\u00fcnder, Lev Mazur, wurde durch das Konzept der Psychohistory aus Isaac Asimovs \u201eFoundation\u201c-Reihe inspiriert, die sich mit der statistischen Vorhersage zuk\u00fcnftiger Ereignisse befasst. Diese Idee der Vorhersage f\u00fchrte Lev dazu, sich ab Anfang der 90er Jahre intensiv mit den Finanzm\u00e4rkten zu besch\u00e4ftigen, wo er aus erster Hand die Komplexit\u00e4t und die unfairen Praktiken erlebte, mit denen Trader und Investoren oft konfrontiert waren. Seine Vision war klar: eine Plattform zu schaffen, auf der Handeln und Investieren mit Integrit\u00e4t, zu Echtzeit-Spotpreisen und ohne die B\u00fcrde versteckter Geb\u00fchren oder Provisionen get\u00e4tigt werden k\u00f6nnen.<\/span><\/p>\n\n                        <\/div>\n                    <\/div>\n                                                    <div class=\"s-info__content right   padding-none   text \"\n                         style=\" \">\n                         <h2 class=\"s-info__title\">Mission und Wachstum<\/h2>                         <div class=\"s-info__text\">\n                            <p>Die Mission von Quantfury bestand schon immer darin, eine kosteng\u00fcnstige, transparente und faire Handelsumgebung zu schaffen. Quantfury startete 2018 mit dem Ziel, die Handelsbranche zu revolutionieren, indem es Dienstleistungen in verschiedenen Assetklassen wie Aktien, ETFs, Rohstoffen und Kryptow\u00e4hrungen anbietet, und zwar ohne Handelsprovisionen oder Leihgeb\u00fchren. Bis 2025 hatte Quantfury \u00fcber 1.000.000 registrierte Nutzer in mehr als 60 L\u00e4ndern gewonnen, was die Nachfrage nach dem einzigartigen Ansatz von Quantfury f\u00fcr Handeln und Investieren mit unvergleichlichen Konditionen verdeutlicht.<\/p>\n\n                        <\/div>\n                    <\/div>\n                            <\/div>\n                    <\/div>\n        <div class=\"s-info__lines el-lines\">\n            <div class=\"el-lines__line\"><\/div>\n            <div class=\"el-lines__line\"><\/div>\n            <div class=\"el-lines__line\"><\/div>\n            <div class=\"el-lines__line\"><\/div>\n            <div class=\"el-lines__line\"><\/div>\n        <\/div>\n    <\/section>\n\n\n    <section class=\"s-info padding-bottom-lg   history-info-text \"\n             style=\"\">\n                <div class=\"s-info__container\">\n                        <div class=\"s-info__content-box  content-alignment-start   content-direction-row \">\n                                                    <div class=\"s-info__content left   padding-none   text \"\n                         style=\" \">\n                         <h2 class=\"s-info__title\">Community und Wirkung<\/h2>                         <div class=\"s-info__text\">\n                            <p>Quantfury hat eine lebendige globale Community gef\u00f6rdert, die oft als \u201eQuantfurians\u201c bezeichnet wird und sich \u00fcber verschiedene Social-Media-Plattformen und Community-Events engagiert. Quantfury hat auch etwas zur\u00fcckgegeben, indem es gezeigt hat, wie viel Kunden an Provisionen und Geb\u00fchren gespart haben, wobei bis Ende 2024 \u00fcber 500 Millionen Dollar eingespart wurden. Das Engagement von Quantfury f\u00fcr Bildung und Transparenz umfasst das Angebot von Ressourcen, die Trader dabei unterst\u00fctzen, die Marktdynamik besser zu verstehen und daran teilzunehmen.<\/p>\n\n                        <\/div>\n                    <\/div>\n                                                    <div class=\"s-info__content right   padding-none   text \"\n                         style=\" \">\n                         <h2 class=\"s-info__title\">Blick in die Zukunft<\/h2>                         <div class=\"s-info__text\">\n                            <p>Quantfury bleibt seinen Gr\u00fcndungsprinzipien treu. Quantfury hat sich nicht nur zum Ziel gesetzt, eine Handelsplattform der Wahl f\u00fcr Retail-Kunden weltweit zu sein, sondern auch eine f\u00fchrende Rolle bei der F\u00f6rderung eines ehrlichen, zug\u00e4nglichen Finanzhandels- und Investitions\u00f6kosystems zu \u00fcbernehmen.<\/p>\n\n                        <\/div>\n                    <\/div>\n                            <\/div>\n                            <div class=\"s-info__divider s-info__divider--bottom el-divider  el-divider--secondary \">\n                    <div class=\"diamond\"><\/div>\n                    <div class=\"diamond\"><\/div>\n                <\/div>\n                    <\/div>\n        <div class=\"s-info__lines el-lines\">\n            <div class=\"el-lines__line\"><\/div>\n            <div class=\"el-lines__line\"><\/div>\n            <div class=\"el-lines__line\"><\/div>\n            <div class=\"el-lines__line\"><\/div>\n            <div class=\"el-lines__line\"><\/div>\n        <\/div>\n    <\/section>\n","protected":false},"excerpt":{"rendered":"","protected":false},"author":1,"featured_media":0,"parent":0,"menu_order":0,"comment_status":"closed","ping_status":"closed","template":"","meta":{"_acf_changed":false,"inline_featured_image":false,"footnotes":""},"class_list":["post-30869","page","type-page","status-publish","hentry"],"acf":[],"yoast_head":"<!-- This site is optimized with the Yoast SEO Premium plugin v27.2 (Yoast SEO v27.2) - https:\/\/yoast.com\/product\/yoast-seo-premium-wordpress\/ -->\n<title>Geschichte | Quantfury<\/title>\n<meta name=\"description\" content=\"Bei Quantfury ist unsere Geschichte eine von Innovation und dem Engagement, die Handelslandschaft der Finanzm\u00e4rkte zu revolutionieren.\" \/>\n<meta name=\"robots\" content=\"index, follow, max-snippet:-1, max-image-preview:large, max-video-preview:-1\" \/>\n<link rel=\"canonical\" href=\"https:\/\/quantfury.com\/deutsch\/geschichte\/\" \/>\n<meta property=\"og:locale\" content=\"de_DE\" \/>\n<meta property=\"og:type\" content=\"article\" \/>\n<meta property=\"og:title\" content=\"Geschichte | Quantfury\" \/>\n<meta property=\"og:description\" content=\"Bei Quantfury ist unsere Geschichte eine von Innovation und dem Engagement, die Handelslandschaft der Finanzm\u00e4rkte zu revolutionieren.\" \/>\n<meta property=\"og:url\" content=\"https:\/\/quantfury.com\/deutsch\/geschichte\/\" \/>\n<meta property=\"og:site_name\" content=\"Quantfury\" \/>\n<meta property=\"article:modified_time\" content=\"2025-04-21T17:25:08+00:00\" \/>\n<meta property=\"og:image\" content=\"https:\/\/quantfury.com\/wp-content\/uploads\/2025\/04\/Prev-Image-v7.png\" \/>\n\t<meta property=\"og:image:width\" content=\"1200\" \/>\n\t<meta property=\"og:image:height\" content=\"630\" \/>\n\t<meta property=\"og:image:type\" content=\"image\/png\" \/>\n<meta name=\"twitter:card\" content=\"summary_large_image\" \/>\n<meta name=\"twitter:description\" content=\"Bei Quantfury ist unsere Geschichte eine von Innovation und dem Engagement, die Handelslandschaft der Finanzm\u00e4rkte zu revolutionieren.\" \/>\n<meta name=\"twitter:site\" content=\"@quantfury\" \/>\n<meta name=\"twitter:label1\" content=\"Gesch\u00e4tzte Lesezeit\" \/>\n\t<meta name=\"twitter:data1\" content=\"2\u00a0Minuten\" \/>\n<script type=\"application\/ld+json\" class=\"yoast-schema-graph\">{\"@context\":\"https:\/\/schema.org\",\"@graph\":[{\"@type\":\"Article\",\"@id\":\"https:\/\/quantfury.com\/deutsch\/geschichte\/#article\",\"isPartOf\":{\"@id\":\"https:\/\/quantfury.com\/deutsch\/geschichte\/\"},\"author\":{\"name\":\"Quantfury\",\"@id\":\"https:\/\/quantfury.com\/#\/schema\/person\/a9f7e8493050fd0144e9482425234990\"},\"headline\":\"Geschichte\",\"datePublished\":\"2025-03-08T16:15:42+00:00\",\"dateModified\":\"2025-04-21T17:25:08+00:00\",\"mainEntityOfPage\":{\"@id\":\"https:\/\/quantfury.com\/deutsch\/geschichte\/\"},\"wordCount\":1,\"publisher\":{\"@id\":\"https:\/\/quantfury.com\/#organization\"},\"inLanguage\":\"de\"},{\"@type\":\"WebPage\",\"@id\":\"https:\/\/quantfury.com\/deutsch\/geschichte\/\",\"url\":\"https:\/\/quantfury.com\/deutsch\/geschichte\/\",\"name\":\"Geschichte | Quantfury\",\"isPartOf\":{\"@id\":\"https:\/\/quantfury.com\/#website\"},\"datePublished\":\"2025-03-08T16:15:42+00:00\",\"dateModified\":\"2025-04-21T17:25:08+00:00\",\"description\":\"Bei Quantfury ist unsere Geschichte eine von Innovation und dem Engagement, die Handelslandschaft der Finanzm\u00e4rkte zu revolutionieren.\",\"breadcrumb\":{\"@id\":\"https:\/\/quantfury.com\/deutsch\/geschichte\/#breadcrumb\"},\"inLanguage\":\"de\",\"potentialAction\":[{\"@type\":\"ReadAction\",\"target\":[\"https:\/\/quantfury.com\/deutsch\/geschichte\/\"]}]},{\"@type\":\"BreadcrumbList\",\"@id\":\"https:\/\/quantfury.com\/deutsch\/geschichte\/#breadcrumb\",\"itemListElement\":[{\"@type\":\"ListItem\",\"position\":1,\"name\":\"Home\",\"item\":\"https:\/\/quantfury.com\/deutsch\/\"},{\"@type\":\"ListItem\",\"position\":2,\"name\":\"Geschichte\"}]},{\"@type\":\"WebSite\",\"@id\":\"https:\/\/quantfury.com\/#website\",\"url\":\"https:\/\/quantfury.com\/\",\"name\":\"Quantfury\",\"description\":\"\",\"publisher\":{\"@id\":\"https:\/\/quantfury.com\/#organization\"},\"potentialAction\":[{\"@type\":\"SearchAction\",\"target\":{\"@type\":\"EntryPoint\",\"urlTemplate\":\"https:\/\/quantfury.com\/?s={search_term_string}\"},\"query-input\":{\"@type\":\"PropertyValueSpecification\",\"valueRequired\":true,\"valueName\":\"search_term_string\"}}],\"inLanguage\":\"de\"},{\"@type\":\"Organization\",\"@id\":\"https:\/\/quantfury.com\/#organization\",\"name\":\"Quantfury\",\"url\":\"https:\/\/quantfury.com\/\",\"logo\":{\"@type\":\"ImageObject\",\"inLanguage\":\"de\",\"@id\":\"https:\/\/quantfury.com\/#\/schema\/logo\/image\/\",\"url\":\"https:\/\/quantfury.com\/wp-content\/uploads\/2021\/04\/logo.svg\",\"contentUrl\":\"https:\/\/quantfury.com\/wp-content\/uploads\/2021\/04\/logo.svg\",\"width\":165,\"height\":36,\"caption\":\"Quantfury\"},\"image\":{\"@id\":\"https:\/\/quantfury.com\/#\/schema\/logo\/image\/\"},\"sameAs\":[\"https:\/\/x.com\/quantfury\",\"https:\/\/instagram.com\/quantfury\",\"https:\/\/www.linkedin.com\/company\/quantfury\/\",\"https:\/\/www.youtube.com\/c\/Quantfury\"]},{\"@type\":\"Person\",\"@id\":\"https:\/\/quantfury.com\/#\/schema\/person\/a9f7e8493050fd0144e9482425234990\",\"name\":\"Quantfury\",\"sameAs\":[\"https:\/\/quantfury.com\"],\"url\":\"https:\/\/quantfury.com\/deutsch\/author\/admin\/\"}]}<\/script>\n<!-- \/ Yoast SEO Premium plugin. -->","yoast_head_json":{"title":"Geschichte | Quantfury","description":"Bei Quantfury ist unsere Geschichte eine von Innovation und dem Engagement, die Handelslandschaft der Finanzm\u00e4rkte zu revolutionieren.","robots":{"index":"index","follow":"follow","max-snippet":"max-snippet:-1","max-image-preview":"max-image-preview:large","max-video-preview":"max-video-preview:-1"},"canonical":"https:\/\/quantfury.com\/deutsch\/geschichte\/","og_locale":"de_DE","og_type":"article","og_title":"Geschichte | Quantfury","og_description":"Bei Quantfury ist unsere Geschichte eine von Innovation und dem Engagement, die Handelslandschaft der Finanzm\u00e4rkte zu revolutionieren.","og_url":"https:\/\/quantfury.com\/deutsch\/geschichte\/","og_site_name":"Quantfury","article_modified_time":"2025-04-21T17:25:08+00:00","og_image":[{"width":1200,"height":630,"url":"https:\/\/quantfury.com\/wp-content\/uploads\/2025\/04\/Prev-Image-v7.png","type":"image\/png"}],"twitter_card":"summary_large_image","twitter_description":"Bei Quantfury ist unsere Geschichte eine von Innovation und dem Engagement, die Handelslandschaft der Finanzm\u00e4rkte zu revolutionieren.","twitter_site":"@quantfury","twitter_misc":{"Gesch\u00e4tzte Lesezeit":"2\u00a0Minuten"},"schema":{"@context":"https:\/\/schema.org","@graph":[{"@type":"Article","@id":"https:\/\/quantfury.com\/deutsch\/geschichte\/#article","isPartOf":{"@id":"https:\/\/quantfury.com\/deutsch\/geschichte\/"},"author":{"name":"Quantfury","@id":"https:\/\/quantfury.com\/#\/schema\/person\/a9f7e8493050fd0144e9482425234990"},"headline":"Geschichte","datePublished":"2025-03-08T16:15:42+00:00","dateModified":"2025-04-21T17:25:08+00:00","mainEntityOfPage":{"@id":"https:\/\/quantfury.com\/deutsch\/geschichte\/"},"wordCount":1,"publisher":{"@id":"https:\/\/quantfury.com\/#organization"},"inLanguage":"de"},{"@type":"WebPage","@id":"https:\/\/quantfury.com\/deutsch\/geschichte\/","url":"https:\/\/quantfury.com\/deutsch\/geschichte\/","name":"Geschichte | Quantfury","isPartOf":{"@id":"https:\/\/quantfury.com\/#website"},"datePublished":"2025-03-08T16:15:42+00:00","dateModified":"2025-04-21T17:25:08+00:00","description":"Bei Quantfury ist unsere Geschichte eine von Innovation und dem Engagement, die Handelslandschaft der Finanzm\u00e4rkte zu revolutionieren.","breadcrumb":{"@id":"https:\/\/quantfury.com\/deutsch\/geschichte\/#breadcrumb"},"inLanguage":"de","potentialAction":[{"@type":"ReadAction","target":["https:\/\/quantfury.com\/deutsch\/geschichte\/"]}]},{"@type":"BreadcrumbList","@id":"https:\/\/quantfury.com\/deutsch\/geschichte\/#breadcrumb","itemListElement":[{"@type":"ListItem","position":1,"name":"Home","item":"https:\/\/quantfury.com\/deutsch\/"},{"@type":"ListItem","position":2,"name":"Geschichte"}]},{"@type":"WebSite","@id":"https:\/\/quantfury.com\/#website","url":"https:\/\/quantfury.com\/","name":"Quantfury","description":"","publisher":{"@id":"https:\/\/quantfury.com\/#organization"},"potentialAction":[{"@type":"SearchAction","target":{"@type":"EntryPoint","urlTemplate":"https:\/\/quantfury.com\/?s={search_term_string}"},"query-input":{"@type":"PropertyValueSpecification","valueRequired":true,"valueName":"search_term_string"}}],"inLanguage":"de"},{"@type":"Organization","@id":"https:\/\/quantfury.com\/#organization","name":"Quantfury","url":"https:\/\/quantfury.com\/","logo":{"@type":"ImageObject","inLanguage":"de","@id":"https:\/\/quantfury.com\/#\/schema\/logo\/image\/","url":"https:\/\/quantfury.com\/wp-content\/uploads\/2021\/04\/logo.svg","contentUrl":"https:\/\/quantfury.com\/wp-content\/uploads\/2021\/04\/logo.svg","width":165,"height":36,"caption":"Quantfury"},"image":{"@id":"https:\/\/quantfury.com\/#\/schema\/logo\/image\/"},"sameAs":["https:\/\/x.com\/quantfury","https:\/\/instagram.com\/quantfury","https:\/\/www.linkedin.com\/company\/quantfury\/","https:\/\/www.youtube.com\/c\/Quantfury"]},{"@type":"Person","@id":"https:\/\/quantfury.com\/#\/schema\/person\/a9f7e8493050fd0144e9482425234990","name":"Quantfury","sameAs":["https:\/\/quantfury.com"],"url":"https:\/\/quantfury.com\/deutsch\/author\/admin\/"}]}},"_links":{"self":[{"href":"https:\/\/quantfury.com\/deutsch\/wp-json\/wp\/v2\/pages\/30869","targetHints":{"allow":["GET"]}}],"collection":[{"href":"https:\/\/quantfury.com\/deutsch\/wp-json\/wp\/v2\/pages"}],"about":[{"href":"https:\/\/quantfury.com\/deutsch\/wp-json\/wp\/v2\/types\/page"}],"author":[{"embeddable":true,"href":"https:\/\/quantfury.com\/deutsch\/wp-json\/wp\/v2\/users\/1"}],"replies":[{"embeddable":true,"href":"https:\/\/quantfury.com\/deutsch\/wp-json\/wp\/v2\/comments?post=30869"}],"version-history":[{"count":5,"href":"https:\/\/quantfury.com\/deutsch\/wp-json\/wp\/v2\/pages\/30869\/revisions"}],"predecessor-version":[{"id":33091,"href":"https:\/\/quantfury.com\/deutsch\/wp-json\/wp\/v2\/pages\/30869\/revisions\/33091"}],"wp:attachment":[{"href":"https:\/\/quantfury.com\/deutsch\/wp-json\/wp\/v2\/media?parent=30869"}],"curies":[{"name":"wp","href":"https:\/\/api.w.org\/{rel}","templated":true}]}}